{"id":539,"date":"2021-05-11T21:09:43","date_gmt":"2021-05-11T21:09:43","guid":{"rendered":"http:\/\/www.inventiakinetics.com\/?page_id=539"},"modified":"2025-01-30T12:52:42","modified_gmt":"2025-01-30T12:52:42","slug":"politica-calidad","status":"publish","type":"page","link":"https:\/\/www.inventiakinetics.com\/en\/ingenieria-desarrollo\/politica-calidad\/","title":{"rendered":"Pol\u00edtica de calidad"},"content":{"rendered":"<section  class='av_textblock_section av-9p0gj-52bf6f941ac08ee826508a211cd9ec6c'  itemscope=\"itemscope\" itemtype=\"https:\/\/schema.org\/CreativeWork\" ><div class='avia_textblock'  itemprop=\"text\" ><h1><a>Pol\u00edtica de calidad<\/a><\/h1>\n<p>El sistema de gesti\u00f3n de la calidad que <b>IKN<\/b> ha dise\u00f1ado e implementado, ha sido concebido desde su origen como innovador, bas\u00e1ndose en la amplia experiencia, que tanto la direcci\u00f3n como el resto de la organizaci\u00f3n, posee en materia de calidad.<\/p>\n<div>\n<div data-tid=\"messageBodyContainer\">\n<div data-tid=\"messageBodyContent\">\n<div>\n<div>\n<div>\n<p><img loading=\"lazy\" decoding=\"async\" class=\"wp-image-545 aligncenter\" src=\"http:\/\/www.inventiakinetics.com\/wp-content\/uploads\/2021\/05\/calidad_1-300x117.png\" alt=\"\" width=\"479\" height=\"187\" srcset=\"https:\/\/www.inventiakinetics.com\/wp-content\/uploads\/2021\/05\/calidad_1-300x117.png 300w, https:\/\/www.inventiakinetics.com\/wp-content\/uploads\/2021\/05\/calidad_1-705x275.png 705w, https:\/\/www.inventiakinetics.com\/wp-content\/uploads\/2021\/05\/calidad_1-450x176.png 450w, https:\/\/www.inventiakinetics.com\/wp-content\/uploads\/2021\/05\/calidad_1.png 899w\" sizes=\"auto, (max-width: 479px) 100vw, 479px\" \/><\/p>\n<p>Una adecuada retroalimentaci\u00f3n de la informaci\u00f3n y emprender acciones adecuadas, permitir\u00e1n evolucionar el sistema de gesti\u00f3n de la calidad de <b>IKN<\/b> hacia la mejora continua.<\/p>\n<p>Los ocho principios de gesti\u00f3n de la calidad en los que hemos basado nuestro sistema son:<\/p>\n<ul>\n<li>Enfoque al cliente<\/li>\n<li>Liderazgo<\/li>\n<li>Participaci\u00f3n y Comunicaci\u00f3n<\/li>\n<li>Enfoque basado en procesos<\/li>\n<li>Gesti\u00f3n basada en sistemas<\/li>\n<li>Mejora continua<\/li>\n<li>Toma de decisiones basada en los hechos<\/li>\n<li>Relaci\u00f3n mutuamente beneficiosa con todas las partes interesadas<\/li>\n<\/ul>\n<p>La direcci\u00f3n, estableciendo las responsabilidades y autoridades adecuadas, y con una comunicaci\u00f3n interna robusta y transparente, fomenta el uso exitoso de estos principios.<\/p>\n<p>En la actualidad, se est\u00e1 desarrollando e implementado paulatinamente un sistema de gesti\u00f3n electr\u00f3nico, ERP, que adem\u00e1s de proporcionar potentes herramientas para el an\u00e1lisis de los procesos, revertir\u00e1 en un aumento de la eficiencia de la organizaci\u00f3n. Nuestros proveedores externos ser\u00e1n incorporados en las actividades y documentaci\u00f3n relacionada, integr\u00e1ndose en la cadena de valor.<\/p>\n<p>Las directrices por las que se rige la pol\u00edtica de calidad:<\/p>\n<ol>\n<li><u>Adecuaci\u00f3n:<\/u> La direcci\u00f3n de <b>IKN<\/b> garantiza el resultado de la pol\u00edtica de calidad establecida adecuando sus resultados a la filosof\u00eda marcada, para cumplir con los requisitos de mejora continua de sus procesos productivos<\/li>\n<li><u>Compromiso:<\/u> Sus actividades tienden a establecer una referencia en tal sentido, que expl\u00edcita e impl\u00edcitamente se comunica a la totalidad de la Organizaci\u00f3n, con la que se establece una permanente relaci\u00f3n dial\u00e9ctica de la que surgen propuestas y mejoras continuas, asegurando no s\u00f3lo el cumplimiento de los requisitos sino que tambi\u00e9n se buscar\u00e1 la mejora de la eficiencia del SGC<\/li>\n<li><u>Referencia:<\/u> la pol\u00edtica de calidad proporciona un marco de referencia para establecer y revisar los objetivos de calida<\/li>\n<li><u>Comunicaci\u00f3n:<\/u> La pol\u00edtica de calidad se da a conocer al empleado en su inicio y es latente en todos los procesos de la Organizaci\u00f3n, a trav\u00e9s del compromiso de la Direcci\u00f3n en este sentido; el <b>Representante de la Direcci\u00f3n y Seguimiento del SGC (RAC) <\/b>en materias de calidad, es el encargado de detectar si la asimilaci\u00f3n de la Pol\u00edtica de calidad es\u00a0 correcta, y adoptar medidas en caso contrario.<\/li>\n<\/ol>\n<p>Consideramos de vital importancia a la hora de establecer nuestra Pol\u00edtica de Calidad y Objetivos las cuestiones cambiantes del\u00a0contexto\u00a0de nuestra organizaci\u00f3n, y a su vez, la importancia impl\u00edcita de las\u00a0partes interesadas\u00a0en la consecuci\u00f3n de estos Objetivos y en el despliegue de nuestra Pol\u00edtica. Para ello se mantiene un registro actualizado de las cuestiones del contexto y de las partes interesadas, de forma que puede ser revisada trimestralmente a trav\u00e9s del seguimiento de los indicadores, para en su caso, adecuarlos como corresponda.<\/p>\n<\/div>\n<\/div>\n<\/div>\n<\/div>\n<\/div>\n<\/div>\n<\/div><\/section>\n<div  class='av-social-sharing-box av-l1e2zuhg-c949dc824d2f7a337c7471afdc799a71 av-social-sharing-box-default  avia-builder-el-1  el_after_av_textblock  avia-builder-el-last  av-social-sharing-box-fullwidth'><div class=\"av-share-box\"><h5 class='av-share-link-description av-no-toc'>Compartir esta p\u00e1gina<\/h5><ul class=\"av-share-box-list noLightbox\"><li class='av-share-link av-social-link-twitter' ><a target=\"_blank\" aria-label=\"Share on Twitter\" href='https:\/\/twitter.com\/share?text=Pol%C3%ADtica%20de%20calidad&#038;url=https:\/\/www.inventiakinetics.com\/en\/?p=539' aria-hidden='false' data-av_icon='\ue8f1' data-av_iconfont='entypo-fontello' title='' data-avia-related-tooltip='Share on Twitter' rel=\"noopener\"><span class='avia_hidden_link_text'>Share on Twitter<\/span><\/a><\/li><li class='av-share-link av-social-link-linkedin' ><a target=\"_blank\" aria-label=\"Share on LinkedIn\" href='https:\/\/linkedin.com\/shareArticle?mini=true&#038;title=Pol%C3%ADtica%20de%20calidad&#038;url=https:\/\/www.inventiakinetics.com\/en\/ingenieria-desarrollo\/politica-calidad\/' aria-hidden='false' data-av_icon='\ue8fc' data-av_iconfont='entypo-fontello' title='' data-avia-related-tooltip='Share on LinkedIn' rel=\"noopener\"><span class='avia_hidden_link_text'>Share on LinkedIn<\/span><\/a><\/li><li class='av-share-link av-social-link-mail' ><a  aria-label=\"Share by Mail\" href='mailto:?subject=Pol%C3%ADtica%20de%20calidad&#038;body=https:\/\/www.inventiakinetics.com\/en\/ingenieria-desarrollo\/politica-calidad\/' aria-hidden='false' data-av_icon='\ue805' data-av_iconfont='entypo-fontello' title='' data-avia-related-tooltip='Share by Mail'><span class='avia_hidden_link_text'>Share by Mail<\/span><\/a><\/li><\/ul><\/div><\/div>","protected":false},"excerpt":{"rendered":"","protected":false},"author":2,"featured_media":0,"parent":2,"menu_order":0,"comment_status":"closed","ping_status":"closed","template":"","meta":{"footnotes":""},"class_list":["post-539","page","type-page","status-publish","hentry"],"yoast_head":"<!-- This site is optimized with the Yoast SEO plugin v27.0 - https:\/\/yoast.com\/product\/yoast-seo-wordpress\/ -->\n<title>Pol\u00edtica de calidad - Inventia Kinetics<\/title>\n<meta name=\"description\" content=\"Descubre la pol\u00edtica de calidad de Inventia Kinetics, nuestro compromiso con la excelencia en ingenier\u00eda y tecnolog\u00eda.\" \/>\n<meta name=\"robots\" content=\"index, follow, max-snippet:-1, max-image-preview:large, max-video-preview:-1\" \/>\n<link rel=\"canonical\" href=\"https:\/\/www.inventiakinetics.com\/en\/ingenieria-desarrollo\/politica-calidad\/\" \/>\n<meta property=\"og:locale\" content=\"en_GB\" \/>\n<meta property=\"og:type\" content=\"article\" \/>\n<meta property=\"og:title\" content=\"Pol\u00edtica de calidad - Inventia Kinetics\" \/>\n<meta property=\"og:description\" content=\"Descubre la pol\u00edtica de calidad de Inventia Kinetics, nuestro compromiso con la excelencia en ingenier\u00eda y tecnolog\u00eda.\" \/>\n<meta property=\"og:url\" content=\"https:\/\/www.inventiakinetics.com\/en\/ingenieria-desarrollo\/politica-calidad\/\" \/>\n<meta property=\"og:site_name\" content=\"Inventia Kinetics\" \/>\n<meta property=\"article:modified_time\" content=\"2025-01-30T12:52:42+00:00\" \/>\n<meta property=\"og:image\" content=\"https:\/\/www.inventiakinetics.com\/wp-content\/uploads\/2021\/05\/calidad_1.png\" \/>\n\t<meta property=\"og:image:width\" content=\"899\" \/>\n\t<meta property=\"og:image:height\" content=\"351\" \/>\n\t<meta property=\"og:image:type\" content=\"image\/png\" \/>\n<meta name=\"twitter:card\" content=\"summary_large_image\" \/>\n<meta name=\"twitter:label1\" content=\"Estimated reading time\" \/>\n\t<meta name=\"twitter:data1\" content=\"3 minutes\" \/>\n<script type=\"application\/ld+json\" class=\"yoast-schema-graph\">{\"@context\":\"https:\/\/schema.org\",\"@graph\":[{\"@type\":\"WebPage\",\"@id\":\"https:\/\/www.inventiakinetics.com\/ingenieria-desarrollo\/politica-calidad\/\",\"url\":\"https:\/\/www.inventiakinetics.com\/ingenieria-desarrollo\/politica-calidad\/\",\"name\":\"Pol\u00edtica de calidad - Inventia Kinetics\",\"isPartOf\":{\"@id\":\"https:\/\/www.inventiakinetics.com\/#website\"},\"primaryImageOfPage\":{\"@id\":\"https:\/\/www.inventiakinetics.com\/ingenieria-desarrollo\/politica-calidad\/#primaryimage\"},\"image\":{\"@id\":\"https:\/\/www.inventiakinetics.com\/ingenieria-desarrollo\/politica-calidad\/#primaryimage\"},\"thumbnailUrl\":\"http:\/\/www.inventiakinetics.com\/wp-content\/uploads\/2021\/05\/calidad_1-300x117.png\",\"datePublished\":\"2021-05-11T21:09:43+00:00\",\"dateModified\":\"2025-01-30T12:52:42+00:00\",\"description\":\"Descubre la pol\u00edtica de calidad de Inventia Kinetics, nuestro compromiso con la excelencia en ingenier\u00eda y tecnolog\u00eda.\",\"breadcrumb\":{\"@id\":\"https:\/\/www.inventiakinetics.com\/ingenieria-desarrollo\/politica-calidad\/#breadcrumb\"},\"inLanguage\":\"en-GB\",\"potentialAction\":[{\"@type\":\"ReadAction\",\"target\":[\"https:\/\/www.inventiakinetics.com\/ingenieria-desarrollo\/politica-calidad\/\"]}]},{\"@type\":\"ImageObject\",\"inLanguage\":\"en-GB\",\"@id\":\"https:\/\/www.inventiakinetics.com\/ingenieria-desarrollo\/politica-calidad\/#primaryimage\",\"url\":\"http:\/\/www.inventiakinetics.com\/wp-content\/uploads\/2021\/05\/calidad_1-300x117.png\",\"contentUrl\":\"http:\/\/www.inventiakinetics.com\/wp-content\/uploads\/2021\/05\/calidad_1-300x117.png\"},{\"@type\":\"BreadcrumbList\",\"@id\":\"https:\/\/www.inventiakinetics.com\/ingenieria-desarrollo\/politica-calidad\/#breadcrumb\",\"itemListElement\":[{\"@type\":\"ListItem\",\"position\":1,\"name\":\"Portada\",\"item\":\"https:\/\/www.inventiakinetics.com\/\"},{\"@type\":\"ListItem\",\"position\":2,\"name\":\"ingenier\u00eda y desarrollo\",\"item\":\"https:\/\/www.inventiakinetics.com\/\"},{\"@type\":\"ListItem\",\"position\":3,\"name\":\"Pol\u00edtica de calidad\"}]},{\"@type\":\"WebSite\",\"@id\":\"https:\/\/www.inventiakinetics.com\/#website\",\"url\":\"https:\/\/www.inventiakinetics.com\/\",\"name\":\"Inventia Kinetics\",\"description\":\"Proyectos de Alto Valor Tecnol\u00f3gico\",\"publisher\":{\"@id\":\"https:\/\/www.inventiakinetics.com\/#organization\"},\"potentialAction\":[{\"@type\":\"SearchAction\",\"target\":{\"@type\":\"EntryPoint\",\"urlTemplate\":\"https:\/\/www.inventiakinetics.com\/?s={search_term_string}\"},\"query-input\":{\"@type\":\"PropertyValueSpecification\",\"valueRequired\":true,\"valueName\":\"search_term_string\"}}],\"inLanguage\":\"en-GB\"},{\"@type\":\"Organization\",\"@id\":\"https:\/\/www.inventiakinetics.com\/#organization\",\"name\":\"Inventia Kinetics\",\"url\":\"https:\/\/www.inventiakinetics.com\/\",\"logo\":{\"@type\":\"ImageObject\",\"inLanguage\":\"en-GB\",\"@id\":\"https:\/\/www.inventiakinetics.com\/#\/schema\/logo\/image\/\",\"url\":\"https:\/\/www.inventiakinetics.com\/wp-content\/uploads\/2016\/06\/logo-web2.png\",\"contentUrl\":\"https:\/\/www.inventiakinetics.com\/wp-content\/uploads\/2016\/06\/logo-web2.png\",\"width\":680,\"height\":312,\"caption\":\"Inventia Kinetics\"},\"image\":{\"@id\":\"https:\/\/www.inventiakinetics.com\/#\/schema\/logo\/image\/\"}}]}<\/script>\n<!-- \/ Yoast SEO plugin. -->","yoast_head_json":{"title":"Pol\u00edtica de calidad - Inventia Kinetics","description":"Descubre la pol\u00edtica de calidad de Inventia Kinetics, nuestro compromiso con la excelencia en ingenier\u00eda y tecnolog\u00eda.","robots":{"index":"index","follow":"follow","max-snippet":"max-snippet:-1","max-image-preview":"max-image-preview:large","max-video-preview":"max-video-preview:-1"},"canonical":"https:\/\/www.inventiakinetics.com\/en\/ingenieria-desarrollo\/politica-calidad\/","og_locale":"en_GB","og_type":"article","og_title":"Pol\u00edtica de calidad - Inventia Kinetics","og_description":"Descubre la pol\u00edtica de calidad de Inventia Kinetics, nuestro compromiso con la excelencia en ingenier\u00eda y tecnolog\u00eda.","og_url":"https:\/\/www.inventiakinetics.com\/en\/ingenieria-desarrollo\/politica-calidad\/","og_site_name":"Inventia Kinetics","article_modified_time":"2025-01-30T12:52:42+00:00","og_image":[{"width":899,"height":351,"url":"https:\/\/www.inventiakinetics.com\/wp-content\/uploads\/2021\/05\/calidad_1.png","type":"image\/png"}],"twitter_card":"summary_large_image","twitter_misc":{"Estimated reading time":"3 minutes"},"schema":{"@context":"https:\/\/schema.org","@graph":[{"@type":"WebPage","@id":"https:\/\/www.inventiakinetics.com\/ingenieria-desarrollo\/politica-calidad\/","url":"https:\/\/www.inventiakinetics.com\/ingenieria-desarrollo\/politica-calidad\/","name":"Pol\u00edtica de calidad - Inventia Kinetics","isPartOf":{"@id":"https:\/\/www.inventiakinetics.com\/#website"},"primaryImageOfPage":{"@id":"https:\/\/www.inventiakinetics.com\/ingenieria-desarrollo\/politica-calidad\/#primaryimage"},"image":{"@id":"https:\/\/www.inventiakinetics.com\/ingenieria-desarrollo\/politica-calidad\/#primaryimage"},"thumbnailUrl":"http:\/\/www.inventiakinetics.com\/wp-content\/uploads\/2021\/05\/calidad_1-300x117.png","datePublished":"2021-05-11T21:09:43+00:00","dateModified":"2025-01-30T12:52:42+00:00","description":"Descubre la pol\u00edtica de calidad de Inventia Kinetics, nuestro compromiso con la excelencia en ingenier\u00eda y tecnolog\u00eda.","breadcrumb":{"@id":"https:\/\/www.inventiakinetics.com\/ingenieria-desarrollo\/politica-calidad\/#breadcrumb"},"inLanguage":"en-GB","potentialAction":[{"@type":"ReadAction","target":["https:\/\/www.inventiakinetics.com\/ingenieria-desarrollo\/politica-calidad\/"]}]},{"@type":"ImageObject","inLanguage":"en-GB","@id":"https:\/\/www.inventiakinetics.com\/ingenieria-desarrollo\/politica-calidad\/#primaryimage","url":"http:\/\/www.inventiakinetics.com\/wp-content\/uploads\/2021\/05\/calidad_1-300x117.png","contentUrl":"http:\/\/www.inventiakinetics.com\/wp-content\/uploads\/2021\/05\/calidad_1-300x117.png"},{"@type":"BreadcrumbList","@id":"https:\/\/www.inventiakinetics.com\/ingenieria-desarrollo\/politica-calidad\/#breadcrumb","itemListElement":[{"@type":"ListItem","position":1,"name":"Portada","item":"https:\/\/www.inventiakinetics.com\/"},{"@type":"ListItem","position":2,"name":"ingenier\u00eda y desarrollo","item":"https:\/\/www.inventiakinetics.com\/"},{"@type":"ListItem","position":3,"name":"Pol\u00edtica de calidad"}]},{"@type":"WebSite","@id":"https:\/\/www.inventiakinetics.com\/#website","url":"https:\/\/www.inventiakinetics.com\/","name":"Inventia Kinetics","description":"Proyectos de Alto Valor Tecnol\u00f3gico","publisher":{"@id":"https:\/\/www.inventiakinetics.com\/#organization"},"potentialAction":[{"@type":"SearchAction","target":{"@type":"EntryPoint","urlTemplate":"https:\/\/www.inventiakinetics.com\/?s={search_term_string}"},"query-input":{"@type":"PropertyValueSpecification","valueRequired":true,"valueName":"search_term_string"}}],"inLanguage":"en-GB"},{"@type":"Organization","@id":"https:\/\/www.inventiakinetics.com\/#organization","name":"Inventia Kinetics","url":"https:\/\/www.inventiakinetics.com\/","logo":{"@type":"ImageObject","inLanguage":"en-GB","@id":"https:\/\/www.inventiakinetics.com\/#\/schema\/logo\/image\/","url":"https:\/\/www.inventiakinetics.com\/wp-content\/uploads\/2016\/06\/logo-web2.png","contentUrl":"https:\/\/www.inventiakinetics.com\/wp-content\/uploads\/2016\/06\/logo-web2.png","width":680,"height":312,"caption":"Inventia Kinetics"},"image":{"@id":"https:\/\/www.inventiakinetics.com\/#\/schema\/logo\/image\/"}}]}},"_links":{"self":[{"href":"https:\/\/www.inventiakinetics.com\/en\/wp-json\/wp\/v2\/pages\/539","targetHints":{"allow":["GET"]}}],"collection":[{"href":"https:\/\/www.inventiakinetics.com\/en\/wp-json\/wp\/v2\/pages"}],"about":[{"href":"https:\/\/www.inventiakinetics.com\/en\/wp-json\/wp\/v2\/types\/page"}],"author":[{"embeddable":true,"href":"https:\/\/www.inventiakinetics.com\/en\/wp-json\/wp\/v2\/users\/2"}],"replies":[{"embeddable":true,"href":"https:\/\/www.inventiakinetics.com\/en\/wp-json\/wp\/v2\/comments?post=539"}],"version-history":[{"count":17,"href":"https:\/\/www.inventiakinetics.com\/en\/wp-json\/wp\/v2\/pages\/539\/revisions"}],"predecessor-version":[{"id":912,"href":"https:\/\/www.inventiakinetics.com\/en\/wp-json\/wp\/v2\/pages\/539\/revisions\/912"}],"up":[{"embeddable":true,"href":"https:\/\/www.inventiakinetics.com\/en\/wp-json\/wp\/v2\/pages\/2"}],"wp:attachment":[{"href":"https:\/\/www.inventiakinetics.com\/en\/wp-json\/wp\/v2\/media?parent=539"}],"curies":[{"name":"wp","href":"https:\/\/api.w.org\/{rel}","templated":true}]}}