{"id":631,"date":"2022-09-23T11:50:31","date_gmt":"2022-09-23T11:50:31","guid":{"rendered":"http:\/\/www.inventiakinetics.com\/?page_id=631"},"modified":"2025-11-03T11:01:57","modified_gmt":"2025-11-03T11:01:57","slug":"optimus","status":"publish","type":"page","link":"https:\/\/www.inventiakinetics.com\/en\/optimus\/","title":{"rendered":"OPTIMUS"},"content":{"rendered":"<p>La empresa <strong>INVENTIA Kinetics<\/strong> participa en el desarrollo del proyecto OPTIMUS- OPTIMIZACI\u00d3N DE TECNOLOG\u00cdAS INDUSTRIALES AUTOMATIZADAS, MULTIFUNCIONALES Y SOSTENIBLES cuyo objetivo es impulsar la misi\u00f3n \u201cImpulsar la industria espa\u00f1ola en la revoluci\u00f3n industrial del siglo XXI\u201d, persiguiendo el desarrollo de tecnolog\u00edas disruptivas para la industria orientadas a su transformaci\u00f3n y digitalizaci\u00f3n que generen mayor competitividad, una mayor eficiencia de recursos y se apoyen en la transformaci\u00f3n digital y la conectividad. OPTIMUS aborda el desarrollo de procesos de fabricaci\u00f3n flexibles automatizados (multioperacionales), para procesado de piezas multimaterial\/multifuncional y con sensorizaci\u00f3n embebida; la hibridaci\u00f3n entre el entorno f\u00edsico y el digital; entornos colaborativos entre persona-robot, robot-robot, persona-m\u00e1quina\/sistemas productivos, con modelizaci\u00f3n, simulaci\u00f3n y programaci\u00f3n avanzada de escenarios colaborativos; y tecnolog\u00edas para el ecodise\u00f1o y producci\u00f3n industrial sostenible, segura y eficiente en todos los eslabones de la cadena.<br \/>\nEste proyecto ha sido subvencionado por el CDTI con n\u00famero de expediente MIG-20211010 a trav\u00e9s de la convocatoria para el a\u00f1o 2021 del procedimiento de concesi\u00f3n de ayudas destinadas ayudas destinadas a Misiones Ciencia e Innovaci\u00f3n, en el marco del Plan de Recuperaci\u00f3n, Transformaci\u00f3n y Resiliencia (financiado por fondos Next Generation EU, entre ellos el Mecanismo de Recuperaci\u00f3n y Resiliencia) y del Programa Estatal para Catalizar la Innovaci\u00f3n y el Liderazgo Empresarial del Plan Estatal de Investigaci\u00f3n Cient\u00edfica, T\u00e9cnica y de Innovaci\u00f3n 2021-2023.<\/p>\n<p>En este enlace se puede visitar el sitio oficial de <a href=\"https:\/\/research.airbus.com\/es\/optimus\" target=\"_blank\" rel=\"noopener\"><strong>OPTIMUS<\/strong><\/a><\/p>\n<p>&nbsp;<\/p>\n<p><img loading=\"lazy\" decoding=\"async\" class=\"alignnone wp-image-823\" src=\"https:\/\/www.inventiakinetics.com\/wp-content\/uploads\/2023\/08\/Logo-PRTR-dos-li\u0301neas_COLOR_-300x69.jpg\" alt=\"\" width=\"326\" height=\"75\" srcset=\"https:\/\/www.inventiakinetics.com\/wp-content\/uploads\/2023\/08\/Logo-PRTR-dos-li\u0301neas_COLOR_-300x69.jpg 300w, https:\/\/www.inventiakinetics.com\/wp-content\/uploads\/2023\/08\/Logo-PRTR-dos-li\u0301neas_COLOR_-1024x236.jpg 1024w, https:\/\/www.inventiakinetics.com\/wp-content\/uploads\/2023\/08\/Logo-PRTR-dos-li\u0301neas_COLOR_-1536x353.jpg 1536w, https:\/\/www.inventiakinetics.com\/wp-content\/uploads\/2023\/08\/Logo-PRTR-dos-li\u0301neas_COLOR_-1500x345.jpg 1500w, https:\/\/www.inventiakinetics.com\/wp-content\/uploads\/2023\/08\/Logo-PRTR-dos-li\u0301neas_COLOR_-705x162.jpg 705w, https:\/\/www.inventiakinetics.com\/wp-content\/uploads\/2023\/08\/Logo-PRTR-dos-li\u0301neas_COLOR_.jpg 1873w\" sizes=\"auto, (max-width: 326px) 100vw, 326px\" \/><img loading=\"lazy\" decoding=\"async\" class=\"alignnone  wp-image-921\" src=\"https:\/\/www.inventiakinetics.com\/wp-content\/uploads\/2025\/11\/logo_cdti_2023_soportes_digitales-300x53.png\" alt=\"\" width=\"357\" height=\"63\" srcset=\"https:\/\/www.inventiakinetics.com\/wp-content\/uploads\/2025\/11\/logo_cdti_2023_soportes_digitales-300x53.png 300w, https:\/\/www.inventiakinetics.com\/wp-content\/uploads\/2025\/11\/logo_cdti_2023_soportes_digitales-1024x180.png 1024w, https:\/\/www.inventiakinetics.com\/wp-content\/uploads\/2025\/11\/logo_cdti_2023_soportes_digitales-1536x270.png 1536w, https:\/\/www.inventiakinetics.com\/wp-content\/uploads\/2025\/11\/logo_cdti_2023_soportes_digitales-2048x360.png 2048w, https:\/\/www.inventiakinetics.com\/wp-content\/uploads\/2025\/11\/logo_cdti_2023_soportes_digitales-1500x264.png 1500w, https:\/\/www.inventiakinetics.com\/wp-content\/uploads\/2025\/11\/logo_cdti_2023_soportes_digitales-705x124.png 705w\" sizes=\"auto, (max-width: 357px) 100vw, 357px\" \/> <img loading=\"lazy\" decoding=\"async\" class=\"size-medium wp-image-633 alignnone\" src=\"http:\/\/www.inventiakinetics.com\/wp-content\/uploads\/2022\/03\/NextGeneration_1-300x73.png\" alt=\"\" width=\"300\" height=\"73\" srcset=\"https:\/\/www.inventiakinetics.com\/wp-content\/uploads\/2022\/03\/NextGeneration_1-300x73.png 300w, https:\/\/www.inventiakinetics.com\/wp-content\/uploads\/2022\/03\/NextGeneration_1-450x110.png 450w, https:\/\/www.inventiakinetics.com\/wp-content\/uploads\/2022\/03\/NextGeneration_1.png 546w\" sizes=\"auto, (max-width: 300px) 100vw, 300px\" \/><\/p>","protected":false},"excerpt":{"rendered":"<p>La empresa INVENTIA Kinetics participa en el desarrollo del proyecto OPTIMUS- OPTIMIZACI\u00d3N DE TECNOLOG\u00cdAS INDUSTRIALES AUTOMATIZADAS, MULTIFUNCIONALES Y SOSTENIBLES cuyo objetivo es impulsar la misi\u00f3n \u201cImpulsar la industria espa\u00f1ola en la revoluci\u00f3n industrial del siglo XXI\u201d, persiguiendo el desarrollo de tecnolog\u00edas disruptivas para la industria orientadas a su transformaci\u00f3n y digitalizaci\u00f3n que generen mayor competitividad, [&hellip;]<\/p>\n","protected":false},"author":2,"featured_media":0,"parent":0,"menu_order":0,"comment_status":"closed","ping_status":"closed","template":"","meta":{"footnotes":""},"class_list":["post-631","page","type-page","status-publish","hentry"],"yoast_head":"<!-- This site is optimized with the Yoast SEO plugin v27.0 - https:\/\/yoast.com\/product\/yoast-seo-wordpress\/ -->\n<title>OPTIMUS - Inventia Kinetics<\/title>\n<meta name=\"description\" content=\"Inventia Kinetics participa en el proyecto OPTIMUS, desarrollando tecnolog\u00edas industriales automatizadas y sostenibles.\" \/>\n<meta name=\"robots\" content=\"index, follow, max-snippet:-1, max-image-preview:large, max-video-preview:-1\" \/>\n<link rel=\"canonical\" href=\"https:\/\/www.inventiakinetics.com\/en\/optimus\/\" \/>\n<meta property=\"og:locale\" content=\"en_GB\" \/>\n<meta property=\"og:type\" content=\"article\" \/>\n<meta property=\"og:title\" content=\"OPTIMUS - Inventia Kinetics\" \/>\n<meta property=\"og:description\" content=\"Inventia Kinetics participa en el proyecto OPTIMUS, desarrollando tecnolog\u00edas industriales automatizadas y sostenibles.\" \/>\n<meta property=\"og:url\" content=\"https:\/\/www.inventiakinetics.com\/en\/optimus\/\" \/>\n<meta property=\"og:site_name\" content=\"Inventia Kinetics\" \/>\n<meta property=\"article:modified_time\" content=\"2025-11-03T11:01:57+00:00\" \/>\n<meta property=\"og:image\" content=\"https:\/\/www.inventiakinetics.com\/wp-content\/uploads\/2025\/11\/logo_cdti_2023_soportes_digitales-300x53.png\" \/>\n<meta name=\"twitter:card\" content=\"summary_large_image\" \/>\n<meta name=\"twitter:label1\" content=\"Estimated reading time\" \/>\n\t<meta name=\"twitter:data1\" content=\"2 minutes\" \/>\n<script type=\"application\/ld+json\" class=\"yoast-schema-graph\">{\"@context\":\"https:\/\/schema.org\",\"@graph\":[{\"@type\":\"WebPage\",\"@id\":\"https:\/\/www.inventiakinetics.com\/optimus\/\",\"url\":\"https:\/\/www.inventiakinetics.com\/optimus\/\",\"name\":\"OPTIMUS - Inventia Kinetics\",\"isPartOf\":{\"@id\":\"https:\/\/www.inventiakinetics.com\/#website\"},\"primaryImageOfPage\":{\"@id\":\"https:\/\/www.inventiakinetics.com\/optimus\/#primaryimage\"},\"image\":{\"@id\":\"https:\/\/www.inventiakinetics.com\/optimus\/#primaryimage\"},\"thumbnailUrl\":\"https:\/\/www.inventiakinetics.com\/wp-content\/uploads\/2025\/11\/logo_cdti_2023_soportes_digitales-300x53.png\",\"datePublished\":\"2022-09-23T11:50:31+00:00\",\"dateModified\":\"2025-11-03T11:01:57+00:00\",\"description\":\"Inventia Kinetics participa en el proyecto OPTIMUS, desarrollando tecnolog\u00edas industriales automatizadas y sostenibles.\",\"breadcrumb\":{\"@id\":\"https:\/\/www.inventiakinetics.com\/optimus\/#breadcrumb\"},\"inLanguage\":\"en-GB\",\"potentialAction\":[{\"@type\":\"ReadAction\",\"target\":[\"https:\/\/www.inventiakinetics.com\/optimus\/\"]}]},{\"@type\":\"ImageObject\",\"inLanguage\":\"en-GB\",\"@id\":\"https:\/\/www.inventiakinetics.com\/optimus\/#primaryimage\",\"url\":\"https:\/\/www.inventiakinetics.com\/wp-content\/uploads\/2025\/11\/logo_cdti_2023_soportes_digitales-300x53.png\",\"contentUrl\":\"https:\/\/www.inventiakinetics.com\/wp-content\/uploads\/2025\/11\/logo_cdti_2023_soportes_digitales-300x53.png\"},{\"@type\":\"BreadcrumbList\",\"@id\":\"https:\/\/www.inventiakinetics.com\/optimus\/#breadcrumb\",\"itemListElement\":[{\"@type\":\"ListItem\",\"position\":1,\"name\":\"Portada\",\"item\":\"https:\/\/www.inventiakinetics.com\/\"},{\"@type\":\"ListItem\",\"position\":2,\"name\":\"OPTIMUS\"}]},{\"@type\":\"WebSite\",\"@id\":\"https:\/\/www.inventiakinetics.com\/#website\",\"url\":\"https:\/\/www.inventiakinetics.com\/\",\"name\":\"Inventia Kinetics\",\"description\":\"Proyectos de Alto Valor Tecnol\u00f3gico\",\"publisher\":{\"@id\":\"https:\/\/www.inventiakinetics.com\/#organization\"},\"potentialAction\":[{\"@type\":\"SearchAction\",\"target\":{\"@type\":\"EntryPoint\",\"urlTemplate\":\"https:\/\/www.inventiakinetics.com\/?s={search_term_string}\"},\"query-input\":{\"@type\":\"PropertyValueSpecification\",\"valueRequired\":true,\"valueName\":\"search_term_string\"}}],\"inLanguage\":\"en-GB\"},{\"@type\":\"Organization\",\"@id\":\"https:\/\/www.inventiakinetics.com\/#organization\",\"name\":\"Inventia Kinetics\",\"url\":\"https:\/\/www.inventiakinetics.com\/\",\"logo\":{\"@type\":\"ImageObject\",\"inLanguage\":\"en-GB\",\"@id\":\"https:\/\/www.inventiakinetics.com\/#\/schema\/logo\/image\/\",\"url\":\"https:\/\/www.inventiakinetics.com\/wp-content\/uploads\/2016\/06\/logo-web2.png\",\"contentUrl\":\"https:\/\/www.inventiakinetics.com\/wp-content\/uploads\/2016\/06\/logo-web2.png\",\"width\":680,\"height\":312,\"caption\":\"Inventia Kinetics\"},\"image\":{\"@id\":\"https:\/\/www.inventiakinetics.com\/#\/schema\/logo\/image\/\"}}]}<\/script>\n<!-- \/ Yoast SEO plugin. -->","yoast_head_json":{"title":"OPTIMUS - Inventia Kinetics","description":"Inventia Kinetics participa en el proyecto OPTIMUS, desarrollando tecnolog\u00edas industriales automatizadas y sostenibles.","robots":{"index":"index","follow":"follow","max-snippet":"max-snippet:-1","max-image-preview":"max-image-preview:large","max-video-preview":"max-video-preview:-1"},"canonical":"https:\/\/www.inventiakinetics.com\/en\/optimus\/","og_locale":"en_GB","og_type":"article","og_title":"OPTIMUS - Inventia Kinetics","og_description":"Inventia Kinetics participa en el proyecto OPTIMUS, desarrollando tecnolog\u00edas industriales automatizadas y sostenibles.","og_url":"https:\/\/www.inventiakinetics.com\/en\/optimus\/","og_site_name":"Inventia Kinetics","article_modified_time":"2025-11-03T11:01:57+00:00","og_image":[{"url":"https:\/\/www.inventiakinetics.com\/wp-content\/uploads\/2025\/11\/logo_cdti_2023_soportes_digitales-300x53.png","type":"","width":"","height":""}],"twitter_card":"summary_large_image","twitter_misc":{"Estimated reading time":"2 minutes"},"schema":{"@context":"https:\/\/schema.org","@graph":[{"@type":"WebPage","@id":"https:\/\/www.inventiakinetics.com\/optimus\/","url":"https:\/\/www.inventiakinetics.com\/optimus\/","name":"OPTIMUS - Inventia Kinetics","isPartOf":{"@id":"https:\/\/www.inventiakinetics.com\/#website"},"primaryImageOfPage":{"@id":"https:\/\/www.inventiakinetics.com\/optimus\/#primaryimage"},"image":{"@id":"https:\/\/www.inventiakinetics.com\/optimus\/#primaryimage"},"thumbnailUrl":"https:\/\/www.inventiakinetics.com\/wp-content\/uploads\/2025\/11\/logo_cdti_2023_soportes_digitales-300x53.png","datePublished":"2022-09-23T11:50:31+00:00","dateModified":"2025-11-03T11:01:57+00:00","description":"Inventia Kinetics participa en el proyecto OPTIMUS, desarrollando tecnolog\u00edas industriales automatizadas y sostenibles.","breadcrumb":{"@id":"https:\/\/www.inventiakinetics.com\/optimus\/#breadcrumb"},"inLanguage":"en-GB","potentialAction":[{"@type":"ReadAction","target":["https:\/\/www.inventiakinetics.com\/optimus\/"]}]},{"@type":"ImageObject","inLanguage":"en-GB","@id":"https:\/\/www.inventiakinetics.com\/optimus\/#primaryimage","url":"https:\/\/www.inventiakinetics.com\/wp-content\/uploads\/2025\/11\/logo_cdti_2023_soportes_digitales-300x53.png","contentUrl":"https:\/\/www.inventiakinetics.com\/wp-content\/uploads\/2025\/11\/logo_cdti_2023_soportes_digitales-300x53.png"},{"@type":"BreadcrumbList","@id":"https:\/\/www.inventiakinetics.com\/optimus\/#breadcrumb","itemListElement":[{"@type":"ListItem","position":1,"name":"Portada","item":"https:\/\/www.inventiakinetics.com\/"},{"@type":"ListItem","position":2,"name":"OPTIMUS"}]},{"@type":"WebSite","@id":"https:\/\/www.inventiakinetics.com\/#website","url":"https:\/\/www.inventiakinetics.com\/","name":"Inventia Kinetics","description":"Proyectos de Alto Valor Tecnol\u00f3gico","publisher":{"@id":"https:\/\/www.inventiakinetics.com\/#organization"},"potentialAction":[{"@type":"SearchAction","target":{"@type":"EntryPoint","urlTemplate":"https:\/\/www.inventiakinetics.com\/?s={search_term_string}"},"query-input":{"@type":"PropertyValueSpecification","valueRequired":true,"valueName":"search_term_string"}}],"inLanguage":"en-GB"},{"@type":"Organization","@id":"https:\/\/www.inventiakinetics.com\/#organization","name":"Inventia Kinetics","url":"https:\/\/www.inventiakinetics.com\/","logo":{"@type":"ImageObject","inLanguage":"en-GB","@id":"https:\/\/www.inventiakinetics.com\/#\/schema\/logo\/image\/","url":"https:\/\/www.inventiakinetics.com\/wp-content\/uploads\/2016\/06\/logo-web2.png","contentUrl":"https:\/\/www.inventiakinetics.com\/wp-content\/uploads\/2016\/06\/logo-web2.png","width":680,"height":312,"caption":"Inventia Kinetics"},"image":{"@id":"https:\/\/www.inventiakinetics.com\/#\/schema\/logo\/image\/"}}]}},"_links":{"self":[{"href":"https:\/\/www.inventiakinetics.com\/en\/wp-json\/wp\/v2\/pages\/631","targetHints":{"allow":["GET"]}}],"collection":[{"href":"https:\/\/www.inventiakinetics.com\/en\/wp-json\/wp\/v2\/pages"}],"about":[{"href":"https:\/\/www.inventiakinetics.com\/en\/wp-json\/wp\/v2\/types\/page"}],"author":[{"embeddable":true,"href":"https:\/\/www.inventiakinetics.com\/en\/wp-json\/wp\/v2\/users\/2"}],"replies":[{"embeddable":true,"href":"https:\/\/www.inventiakinetics.com\/en\/wp-json\/wp\/v2\/comments?post=631"}],"version-history":[{"count":9,"href":"https:\/\/www.inventiakinetics.com\/en\/wp-json\/wp\/v2\/pages\/631\/revisions"}],"predecessor-version":[{"id":927,"href":"https:\/\/www.inventiakinetics.com\/en\/wp-json\/wp\/v2\/pages\/631\/revisions\/927"}],"wp:attachment":[{"href":"https:\/\/www.inventiakinetics.com\/en\/wp-json\/wp\/v2\/media?parent=631"}],"curies":[{"name":"wp","href":"https:\/\/api.w.org\/{rel}","templated":true}]}}