{"id":641,"date":"2022-03-28T12:28:11","date_gmt":"2022-03-28T12:28:11","guid":{"rendered":"http:\/\/www.inventiakinetics.com\/?page_id=641"},"modified":"2025-11-07T10:12:30","modified_gmt":"2025-11-07T10:12:30","slug":"aviso-legal","status":"publish","type":"page","link":"https:\/\/www.inventiakinetics.com\/en\/aviso-legal\/","title":{"rendered":"Aviso legal"},"content":{"rendered":"<section  class='av_textblock_section av-l1dsxjee-17dd4023b17e89d30f9989ccfaa4ab0e'  itemscope=\"itemscope\" itemtype=\"https:\/\/schema.org\/CreativeWork\" ><div class='avia_textblock'  itemprop=\"text\" ><h1>Aviso legal<\/h1>\n<p>Esta web ha sido creada por <strong>INVENTIA KINETICS S.L<\/strong>. con car\u00e1cter informativo para su uso personal y gratuito.<\/p>\n<p>INVENTIA KINETICS S.L. en cumplimiento de la normativa vigente en materia de protecci\u00f3n de datos de car\u00e1cter personal Ley Org\u00e1nica 3\/2018 y en concordancia con lo expresado en el Reglamento (RGPDUE) 2016\/679 del Parlamento Europeo y del Consejo, as\u00ed como de la regulaci\u00f3n existente en materia de Servicios de la Sociedad de la Informaci\u00f3n y de Comercio Electr\u00f3nico Ley 34\/2002), pone en su conocimiento las presentes condiciones generales de uso que se aplican a todas las operaciones realizadas a trav\u00e9s de la web: www.inventiakinetics.com<\/p>\n<p>De acuerdo con la ley 34\/2002 de \u201cServicios de la Sociedad de Informaci\u00f3n y el Comercio Electr\u00f3nico\u201d en vigor desde julio de 2002, comunicamos que este sitio web pertenece a:<\/p>\n<p>Nombre fiscal de la sociedad: INVENTIA KINETICS S.L.<\/p>\n<p>CIF de la sociedad: B83429720<\/p>\n<p>Domicilio de la sociedad:\u00a0 Avenida\u00a0GALILEO GALILEI, 2 &#8211; P.I. Carpetania, GETAFE<\/p>\n<p>Tel\u00e9fono: +34 91\u00a0870 70 95<\/p>\n<p>Direcci\u00f3n de correo electr\u00f3nico de la sociedad: info@inventiakinetics.com<\/p>\n<p>Datos legales y\/o registrales de la sociedad:<\/p>\n<p>Inscrita en el:<\/p>\n<p>Tomo 18096<\/p>\n<p>Folio 52<\/p>\n<p>Hoja M-312962<\/p>\n<p>Registro Mercantil de\u00a0 MADRID<\/p>\n<p><strong>\u00a0<\/strong><\/p>\n<p><strong>CONDICIONES DE USO<\/strong><\/p>\n<ol>\n<li><strong>a) Utilizaci\u00f3n l\u00edcita <\/strong><\/li>\n<\/ol>\n<p>El\/la usuario\/a de esta p\u00e1gina web y de sus servicios se obliga a realizar un uso conforme con las leyes y los usos del tr\u00e1fico, y se abstendr\u00e1 de utilizar la web y sus servicios con fines o efectos il\u00edcitos o que sean lesivos de los derechos e intereses de terceros, o que de cualquier forma puedan da\u00f1ar, inutilizar, sobrecargar o deteriorar la web y los servicios o impedir la normal utilizaci\u00f3n o disfrute de la web y de los servicios por parte de los usuarios. Quienes incumplan dicha obligaci\u00f3n responder\u00e1n, frente a INVENTIA KINETICS S.L. y frente a terceros, de cualesquiera da\u00f1os y perjuicios que pudieran causarse como consecuencia del incumplimiento de dicha obligaci\u00f3n.<\/p>\n<ol>\n<li><strong>b) Garant\u00eda de errores <\/strong><\/li>\n<\/ol>\n<p>INVENTIA KINETICS S.L. no garantiza la inexistencia de errores en el acceso a la web, o en su contenido; en el caso de que se citen o reproduzcan publicaciones de car\u00e1cter oficial, dicha reproducci\u00f3n tendr\u00e1 car\u00e1cter meramente informativo debiendo considerarse a todos los efectos como v\u00e1lida la publicaci\u00f3n en su bolet\u00edn o fuente oficial correspondiente.<\/p>\n<ol>\n<li><strong>c) Disponibilidad del servicio <\/strong><\/li>\n<\/ol>\n<p>INVENTIA KINETICS S.L. se reserva la facultad de efectuar, en cualquier momento y sin necesidad de previo aviso, modificaciones y actualizaciones sobre la informaci\u00f3n contenida en su web o en su configuraci\u00f3n o presentaci\u00f3n.<\/p>\n<p>INVENTIA KINETICS S.L. no garantiza la disponibilidad y continuidad del funcionamiento de la web y de los servicios. Cuando ello sea razonablemente posible, se advertir\u00e1 previamente las interrupciones en el funcionamiento de la web y de los servicios.<\/p>\n<p>INVENTIA KINETICS S.L. excluye cualquier responsabilidad por los da\u00f1os y perjuicios de toda naturaleza que puedan deberse a la falta de disponibilidad o de continuidad del funcionamiento de la web y de los servicios, a la defraudaci\u00f3n de la utilidad que los usuarios hubieren podido atribuir a la web y a los servicios, a la falibilidad de la web y de los servicios, y en particular, aunque no de modo exclusivo, a los fallos en el acceso a las distintas p\u00e1ginas web o a aquellas desde las que se prestan los servicios.<\/p>\n<p><strong>Responsabilidad por el uso de la informaci\u00f3n contenida<\/strong><\/p>\n<p>El\/la usuario\/a es consciente y acepta voluntariamente que el uso de la web, de los servicios y de los contenidos tiene lugar, en todo caso, bajo su \u00fanica y exclusiva responsabilidad. Tanto el acceso a la web, como el uso que pueda hacerse de la informaci\u00f3n contenida en el mismo son de la exclusiva responsabilidad de quien lo realiza. INVENTIA KINETICS S.L. no responder\u00e1 de ninguna consecuencia, da\u00f1o o perjuicio que pudieran derivarse de dicho acceso o uso de informaci\u00f3n ni de la aplicaci\u00f3n que de ellos se realice para apoyar cualquier opini\u00f3n o decisi\u00f3n personal o empresarial. INVENTIA KINETICS S.L. no asume responsabilidad alguna derivada de la conexi\u00f3n o contenidos de los enlaces de terceros a los que se hace referencia en la web.<\/p>\n<p><strong>Propiedad intelectual<\/strong><\/p>\n<p>Los derechos de propiedad intelectual de la web, as\u00ed como de sus distintos contenidos son titularidad de INVENTIA KINETICS S.L.<\/p>\n<p>Queda terminantemente prohibido realizar cualquier alteraci\u00f3n de esta p\u00e1gina. INVENTIA KINETICS S.L. no asume ninguna responsabilidad que se pueda derivar de manipulaciones o alteraciones no autorizadas. INVENTIA KINETICS S.L. no concede ninguna licencia o autorizaci\u00f3n de uso de ning\u00fan tipo sobre sus derechos de propiedad industrial e intelectual o sobre cualquier otra propiedad o derecho relacionado con la web, los servicios o los contenidos.<\/p>\n<p>Queda prohibida la reproducci\u00f3n total o parcial de los contenidos de esta web sin citar su origen o sin solicitar autorizaci\u00f3n expresa para ello. La utilizaci\u00f3n no autorizada de la informaci\u00f3n contenida en esta web, as\u00ed como los perjuicios ocasionados en los derechos de propiedad intelectual e industrial de INVENTIA KINETICS S.L. dar\u00e1 lugar al ejercicio de las acciones que correspondan y, en su caso, a las responsabilidades que de dicho ejercicio se deriven.<\/p>\n<p><strong>Protecci\u00f3n de Datos de Car\u00e1cter Personal<\/strong><\/p>\n<p>En los supuestos en los que para acceder a alguna de las p\u00e1ginas o servicios de INVENTIA KINETICS S.L. sea necesaria la recogida de datos de car\u00e1cter personal, se informa que los mismos ser\u00e1n tratados de conformidad con lo establecido en la normativa vigente relativa a la Protecci\u00f3n de Datos de Car\u00e1cter Personal y dem\u00e1s normas de desarrollo, conforme a lo establecido en el AVISO DE PRIVACIDAD DE ESTA WEB y al consentimiento que el\/la\/los usuarios deben aceptar previamente a efectuar cualquier tipo de comunicaci\u00f3n con INVENTIA KINETICS S.L. desde esta p\u00e1gina web.<\/p>\n<p>En el caso de que nos facilite su direcci\u00f3n de correo electr\u00f3nico, se entiende que est\u00e1 prestando el consentimiento y aceptando este AVISO LEGAL y el AVISO DE PRIVACIDAD, para que la misma sea utilizada para el env\u00edo de comunicaciones relacionadas con los servicios prestados o a prestar y responder a sus consultas o peticiones por INVENTIA KINETICS S.L.<\/p>\n<p><strong>Ley aplicable y jurisdicci\u00f3n<\/strong><\/p>\n<p>La utilizaci\u00f3n de esta p\u00e1gina web se rige por la ley espa\u00f1ola, con independencia del entorno legal del\/ de la usuario\/a. Cualquier disputa que pueda surgir en la interpretaci\u00f3n de estas condiciones se resolver\u00e1 en los tribunales del lugar donde tenga fijada su actividad INVENTIA KINETICS S.L.<\/p>\n<\/div><\/section>\n\n<style type=\"text\/css\" data-created_by=\"avia_inline_auto\" id=\"style-css-av-mhoozx0x-08e2efd187bdca263b6755043e2f9f63\">\n.avia-image-container.av-mhoozx0x-08e2efd187bdca263b6755043e2f9f63 .av-image-caption-overlay-center{\ncolor:#ffffff;\n}\n<\/style>\n<div  class='avia-image-container av-mhoozx0x-08e2efd187bdca263b6755043e2f9f63 av-styling- avia-align-center  avia-builder-el-1  el_after_av_textblock  avia-builder-el-last'  itemprop=\"image\" itemscope=\"itemscope\" itemtype=\"https:\/\/schema.org\/ImageObject\" ><div class=\"avia-image-container-inner\"><div class=\"avia-image-overlay-wrap\"><img decoding=\"async\" class='wp-image-885 avia-img-lazy-loading-not-885 avia_image' src=\"https:\/\/www.inventiakinetics.com\/wp-content\/uploads\/2025\/01\/LOGOS-WEB-KIT-DIGITAL-1500x140.jpg\" alt='' title='LOGOS WEB KIT DIGITAL'  height=\"140\" width=\"1500\"  itemprop=\"thumbnailUrl\" srcset=\"https:\/\/www.inventiakinetics.com\/wp-content\/uploads\/2025\/01\/LOGOS-WEB-KIT-DIGITAL-1500x140.jpg 1500w, https:\/\/www.inventiakinetics.com\/wp-content\/uploads\/2025\/01\/LOGOS-WEB-KIT-DIGITAL-300x28.jpg 300w, https:\/\/www.inventiakinetics.com\/wp-content\/uploads\/2025\/01\/LOGOS-WEB-KIT-DIGITAL-1024x95.jpg 1024w, https:\/\/www.inventiakinetics.com\/wp-content\/uploads\/2025\/01\/LOGOS-WEB-KIT-DIGITAL-1536x143.jpg 1536w, https:\/\/www.inventiakinetics.com\/wp-content\/uploads\/2025\/01\/LOGOS-WEB-KIT-DIGITAL-2048x191.jpg 2048w, https:\/\/www.inventiakinetics.com\/wp-content\/uploads\/2025\/01\/LOGOS-WEB-KIT-DIGITAL-705x66.jpg 705w\" sizes=\"(max-width: 1500px) 100vw, 1500px\" \/><\/div><\/div><\/div>","protected":false},"excerpt":{"rendered":"","protected":false},"author":2,"featured_media":0,"parent":0,"menu_order":0,"comment_status":"closed","ping_status":"closed","template":"","meta":{"footnotes":""},"class_list":["post-641","page","type-page","status-publish","hentry"],"yoast_head":"<!-- This site is optimized with the Yoast SEO plugin v27.0 - https:\/\/yoast.com\/product\/yoast-seo-wordpress\/ -->\n<title>Aviso legal - Inventia Kinetics<\/title>\n<meta name=\"description\" content=\"Consulta el aviso legal de Inventia Kinetics para obtener informaci\u00f3n sobre nuestra identidad corporativa y datos de contacto.\" \/>\n<meta name=\"robots\" content=\"index, follow, max-snippet:-1, max-image-preview:large, max-video-preview:-1\" \/>\n<link rel=\"canonical\" href=\"https:\/\/www.inventiakinetics.com\/en\/aviso-legal\/\" \/>\n<meta property=\"og:locale\" content=\"en_GB\" \/>\n<meta property=\"og:type\" content=\"article\" \/>\n<meta property=\"og:title\" content=\"Aviso legal - Inventia Kinetics\" \/>\n<meta property=\"og:description\" content=\"Consulta el aviso legal de Inventia Kinetics para obtener informaci\u00f3n sobre nuestra identidad corporativa y datos de contacto.\" \/>\n<meta property=\"og:url\" content=\"https:\/\/www.inventiakinetics.com\/en\/aviso-legal\/\" \/>\n<meta property=\"og:site_name\" content=\"Inventia Kinetics\" \/>\n<meta property=\"article:modified_time\" content=\"2025-11-07T10:12:30+00:00\" \/>\n<meta name=\"twitter:card\" content=\"summary_large_image\" \/>\n<meta name=\"twitter:label1\" content=\"Estimated reading time\" \/>\n\t<meta name=\"twitter:data1\" content=\"5 minutes\" \/>\n<script type=\"application\/ld+json\" class=\"yoast-schema-graph\">{\"@context\":\"https:\/\/schema.org\",\"@graph\":[{\"@type\":\"WebPage\",\"@id\":\"https:\/\/www.inventiakinetics.com\/aviso-legal\/\",\"url\":\"https:\/\/www.inventiakinetics.com\/aviso-legal\/\",\"name\":\"Aviso legal - Inventia Kinetics\",\"isPartOf\":{\"@id\":\"https:\/\/www.inventiakinetics.com\/#website\"},\"datePublished\":\"2022-03-28T12:28:11+00:00\",\"dateModified\":\"2025-11-07T10:12:30+00:00\",\"description\":\"Consulta el aviso legal de Inventia Kinetics para obtener informaci\u00f3n sobre nuestra identidad corporativa y datos de contacto.\",\"breadcrumb\":{\"@id\":\"https:\/\/www.inventiakinetics.com\/aviso-legal\/#breadcrumb\"},\"inLanguage\":\"en-GB\",\"potentialAction\":[{\"@type\":\"ReadAction\",\"target\":[\"https:\/\/www.inventiakinetics.com\/aviso-legal\/\"]}]},{\"@type\":\"BreadcrumbList\",\"@id\":\"https:\/\/www.inventiakinetics.com\/aviso-legal\/#breadcrumb\",\"itemListElement\":[{\"@type\":\"ListItem\",\"position\":1,\"name\":\"Portada\",\"item\":\"https:\/\/www.inventiakinetics.com\/\"},{\"@type\":\"ListItem\",\"position\":2,\"name\":\"Aviso legal\"}]},{\"@type\":\"WebSite\",\"@id\":\"https:\/\/www.inventiakinetics.com\/#website\",\"url\":\"https:\/\/www.inventiakinetics.com\/\",\"name\":\"Inventia Kinetics\",\"description\":\"Proyectos de Alto Valor Tecnol\u00f3gico\",\"publisher\":{\"@id\":\"https:\/\/www.inventiakinetics.com\/#organization\"},\"potentialAction\":[{\"@type\":\"SearchAction\",\"target\":{\"@type\":\"EntryPoint\",\"urlTemplate\":\"https:\/\/www.inventiakinetics.com\/?s={search_term_string}\"},\"query-input\":{\"@type\":\"PropertyValueSpecification\",\"valueRequired\":true,\"valueName\":\"search_term_string\"}}],\"inLanguage\":\"en-GB\"},{\"@type\":\"Organization\",\"@id\":\"https:\/\/www.inventiakinetics.com\/#organization\",\"name\":\"Inventia Kinetics\",\"url\":\"https:\/\/www.inventiakinetics.com\/\",\"logo\":{\"@type\":\"ImageObject\",\"inLanguage\":\"en-GB\",\"@id\":\"https:\/\/www.inventiakinetics.com\/#\/schema\/logo\/image\/\",\"url\":\"https:\/\/www.inventiakinetics.com\/wp-content\/uploads\/2016\/06\/logo-web2.png\",\"contentUrl\":\"https:\/\/www.inventiakinetics.com\/wp-content\/uploads\/2016\/06\/logo-web2.png\",\"width\":680,\"height\":312,\"caption\":\"Inventia Kinetics\"},\"image\":{\"@id\":\"https:\/\/www.inventiakinetics.com\/#\/schema\/logo\/image\/\"}}]}<\/script>\n<!-- \/ Yoast SEO plugin. -->","yoast_head_json":{"title":"Aviso legal - Inventia Kinetics","description":"Consulta el aviso legal de Inventia Kinetics para obtener informaci\u00f3n sobre nuestra identidad corporativa y datos de contacto.","robots":{"index":"index","follow":"follow","max-snippet":"max-snippet:-1","max-image-preview":"max-image-preview:large","max-video-preview":"max-video-preview:-1"},"canonical":"https:\/\/www.inventiakinetics.com\/en\/aviso-legal\/","og_locale":"en_GB","og_type":"article","og_title":"Aviso legal - Inventia Kinetics","og_description":"Consulta el aviso legal de Inventia Kinetics para obtener informaci\u00f3n sobre nuestra identidad corporativa y datos de contacto.","og_url":"https:\/\/www.inventiakinetics.com\/en\/aviso-legal\/","og_site_name":"Inventia Kinetics","article_modified_time":"2025-11-07T10:12:30+00:00","twitter_card":"summary_large_image","twitter_misc":{"Estimated reading time":"5 minutes"},"schema":{"@context":"https:\/\/schema.org","@graph":[{"@type":"WebPage","@id":"https:\/\/www.inventiakinetics.com\/aviso-legal\/","url":"https:\/\/www.inventiakinetics.com\/aviso-legal\/","name":"Aviso legal - Inventia Kinetics","isPartOf":{"@id":"https:\/\/www.inventiakinetics.com\/#website"},"datePublished":"2022-03-28T12:28:11+00:00","dateModified":"2025-11-07T10:12:30+00:00","description":"Consulta el aviso legal de Inventia Kinetics para obtener informaci\u00f3n sobre nuestra identidad corporativa y datos de contacto.","breadcrumb":{"@id":"https:\/\/www.inventiakinetics.com\/aviso-legal\/#breadcrumb"},"inLanguage":"en-GB","potentialAction":[{"@type":"ReadAction","target":["https:\/\/www.inventiakinetics.com\/aviso-legal\/"]}]},{"@type":"BreadcrumbList","@id":"https:\/\/www.inventiakinetics.com\/aviso-legal\/#breadcrumb","itemListElement":[{"@type":"ListItem","position":1,"name":"Portada","item":"https:\/\/www.inventiakinetics.com\/"},{"@type":"ListItem","position":2,"name":"Aviso legal"}]},{"@type":"WebSite","@id":"https:\/\/www.inventiakinetics.com\/#website","url":"https:\/\/www.inventiakinetics.com\/","name":"Inventia Kinetics","description":"Proyectos de Alto Valor Tecnol\u00f3gico","publisher":{"@id":"https:\/\/www.inventiakinetics.com\/#organization"},"potentialAction":[{"@type":"SearchAction","target":{"@type":"EntryPoint","urlTemplate":"https:\/\/www.inventiakinetics.com\/?s={search_term_string}"},"query-input":{"@type":"PropertyValueSpecification","valueRequired":true,"valueName":"search_term_string"}}],"inLanguage":"en-GB"},{"@type":"Organization","@id":"https:\/\/www.inventiakinetics.com\/#organization","name":"Inventia Kinetics","url":"https:\/\/www.inventiakinetics.com\/","logo":{"@type":"ImageObject","inLanguage":"en-GB","@id":"https:\/\/www.inventiakinetics.com\/#\/schema\/logo\/image\/","url":"https:\/\/www.inventiakinetics.com\/wp-content\/uploads\/2016\/06\/logo-web2.png","contentUrl":"https:\/\/www.inventiakinetics.com\/wp-content\/uploads\/2016\/06\/logo-web2.png","width":680,"height":312,"caption":"Inventia Kinetics"},"image":{"@id":"https:\/\/www.inventiakinetics.com\/#\/schema\/logo\/image\/"}}]}},"_links":{"self":[{"href":"https:\/\/www.inventiakinetics.com\/en\/wp-json\/wp\/v2\/pages\/641","targetHints":{"allow":["GET"]}}],"collection":[{"href":"https:\/\/www.inventiakinetics.com\/en\/wp-json\/wp\/v2\/pages"}],"about":[{"href":"https:\/\/www.inventiakinetics.com\/en\/wp-json\/wp\/v2\/types\/page"}],"author":[{"embeddable":true,"href":"https:\/\/www.inventiakinetics.com\/en\/wp-json\/wp\/v2\/users\/2"}],"replies":[{"embeddable":true,"href":"https:\/\/www.inventiakinetics.com\/en\/wp-json\/wp\/v2\/comments?post=641"}],"version-history":[{"count":8,"href":"https:\/\/www.inventiakinetics.com\/en\/wp-json\/wp\/v2\/pages\/641\/revisions"}],"predecessor-version":[{"id":942,"href":"https:\/\/www.inventiakinetics.com\/en\/wp-json\/wp\/v2\/pages\/641\/revisions\/942"}],"wp:attachment":[{"href":"https:\/\/www.inventiakinetics.com\/en\/wp-json\/wp\/v2\/media?parent=641"}],"curies":[{"name":"wp","href":"https:\/\/api.w.org\/{rel}","templated":true}]}}