{"id":645,"date":"2022-03-28T13:17:49","date_gmt":"2022-03-28T13:17:49","guid":{"rendered":"http:\/\/www.inventiakinetics.com\/?page_id=645"},"modified":"2025-01-30T13:01:13","modified_gmt":"2025-01-30T13:01:13","slug":"privacidad-contactos","status":"publish","type":"page","link":"https:\/\/www.inventiakinetics.com\/en\/privacidad-contactos\/","title":{"rendered":"Privacidad Contactos"},"content":{"rendered":"<p><strong><u>ADVERTENCIA DE PRIVACIDAD PARA CONTACTOS<\/u><\/strong><\/p>\n<p>El Responsable del tratamiento de acuerdo con la LO 3\/2018 y el RGPDUE 2016\/679 le informa que:<\/p>\n<p>Usted por este medio, autoriza y da su conformidad para que sus datos sean recogidos y tratados en su calidad de Contacto, y al proporcionarlos sean tratados de forma confidencial y queden incorporados a la correspondiente actividad de tratamiento en nuestro Registro de Actividades que usted puede consultar y se conservar\u00e1n mientras se mantenga la relaci\u00f3n o durante los a\u00f1os necesarios para cumplir con las obligaciones legales y no se ceder\u00e1n a terceros salvo en los casos en que exista una obligaci\u00f3n legal acepta el uso de las cookies\u00a0 \u00abcookies permanentes\u00bb de esta web en este apartado. Usted tiene derecho a obtener confirmaci\u00f3n sobre si estamos tratando sus datos personales, por tanto tiene derecho a acceder a sus datos personales, rectificar los datos inexactos o solicitar su supresi\u00f3n cuando los datos ya no sean necesarios, mediante comunicaci\u00f3n escrita a: Avenida GALILEO GALILEI, 2 &#8211; P.I. Carpetania, GETAFE o <a href=\"mailto:info@inventiakinetics.com\">info@inventiakinetics.com<\/a><\/p>","protected":false},"excerpt":{"rendered":"<p>ADVERTENCIA DE PRIVACIDAD PARA CONTACTOS El Responsable del tratamiento de acuerdo con la LO 3\/2018 y el RGPDUE 2016\/679 le informa que: Usted por este medio, autoriza y da su conformidad para que sus datos sean recogidos y tratados en su calidad de Contacto, y al proporcionarlos sean tratados de forma confidencial y queden incorporados [&hellip;]<\/p>\n","protected":false},"author":2,"featured_media":0,"parent":0,"menu_order":0,"comment_status":"closed","ping_status":"closed","template":"template-blank.php","meta":{"footnotes":""},"class_list":["post-645","page","type-page","status-publish","hentry"],"yoast_head":"<!-- This site is optimized with the Yoast SEO plugin v27.0 - https:\/\/yoast.com\/product\/yoast-seo-wordpress\/ -->\n<title>Privacidad Contactos - Inventia Kinetics<\/title>\n<meta name=\"description\" content=\"Lee la advertencia de privacidad para contactos de Inventia Kinetics y conoce c\u00f3mo tratamos tus datos cuando te comunicas con nosotros.\" \/>\n<meta name=\"robots\" content=\"index, follow, max-snippet:-1, max-image-preview:large, max-video-preview:-1\" \/>\n<link rel=\"canonical\" href=\"https:\/\/www.inventiakinetics.com\/en\/privacidad-contactos\/\" \/>\n<meta property=\"og:locale\" content=\"en_GB\" \/>\n<meta property=\"og:type\" content=\"article\" \/>\n<meta property=\"og:title\" content=\"Privacidad Contactos - Inventia Kinetics\" \/>\n<meta property=\"og:description\" content=\"Lee la advertencia de privacidad para contactos de Inventia Kinetics y conoce c\u00f3mo tratamos tus datos cuando te comunicas con nosotros.\" \/>\n<meta property=\"og:url\" content=\"https:\/\/www.inventiakinetics.com\/en\/privacidad-contactos\/\" \/>\n<meta property=\"og:site_name\" content=\"Inventia Kinetics\" \/>\n<meta property=\"article:modified_time\" content=\"2025-01-30T13:01:13+00:00\" \/>\n<meta name=\"twitter:card\" content=\"summary_large_image\" \/>\n<meta name=\"twitter:label1\" content=\"Estimated reading time\" \/>\n\t<meta name=\"twitter:data1\" content=\"1 minute\" \/>\n<script type=\"application\/ld+json\" class=\"yoast-schema-graph\">{\"@context\":\"https:\/\/schema.org\",\"@graph\":[{\"@type\":\"WebPage\",\"@id\":\"https:\/\/www.inventiakinetics.com\/privacidad-contactos\/\",\"url\":\"https:\/\/www.inventiakinetics.com\/privacidad-contactos\/\",\"name\":\"Privacidad Contactos - Inventia Kinetics\",\"isPartOf\":{\"@id\":\"https:\/\/www.inventiakinetics.com\/#website\"},\"datePublished\":\"2022-03-28T13:17:49+00:00\",\"dateModified\":\"2025-01-30T13:01:13+00:00\",\"description\":\"Lee la advertencia de privacidad para contactos de Inventia Kinetics y conoce c\u00f3mo tratamos tus datos cuando te comunicas con nosotros.\",\"breadcrumb\":{\"@id\":\"https:\/\/www.inventiakinetics.com\/privacidad-contactos\/#breadcrumb\"},\"inLanguage\":\"en-GB\",\"potentialAction\":[{\"@type\":\"ReadAction\",\"target\":[\"https:\/\/www.inventiakinetics.com\/privacidad-contactos\/\"]}]},{\"@type\":\"BreadcrumbList\",\"@id\":\"https:\/\/www.inventiakinetics.com\/privacidad-contactos\/#breadcrumb\",\"itemListElement\":[{\"@type\":\"ListItem\",\"position\":1,\"name\":\"Portada\",\"item\":\"https:\/\/www.inventiakinetics.com\/\"},{\"@type\":\"ListItem\",\"position\":2,\"name\":\"Privacidad Contactos\"}]},{\"@type\":\"WebSite\",\"@id\":\"https:\/\/www.inventiakinetics.com\/#website\",\"url\":\"https:\/\/www.inventiakinetics.com\/\",\"name\":\"Inventia Kinetics\",\"description\":\"Proyectos de Alto Valor Tecnol\u00f3gico\",\"publisher\":{\"@id\":\"https:\/\/www.inventiakinetics.com\/#organization\"},\"potentialAction\":[{\"@type\":\"SearchAction\",\"target\":{\"@type\":\"EntryPoint\",\"urlTemplate\":\"https:\/\/www.inventiakinetics.com\/?s={search_term_string}\"},\"query-input\":{\"@type\":\"PropertyValueSpecification\",\"valueRequired\":true,\"valueName\":\"search_term_string\"}}],\"inLanguage\":\"en-GB\"},{\"@type\":\"Organization\",\"@id\":\"https:\/\/www.inventiakinetics.com\/#organization\",\"name\":\"Inventia Kinetics\",\"url\":\"https:\/\/www.inventiakinetics.com\/\",\"logo\":{\"@type\":\"ImageObject\",\"inLanguage\":\"en-GB\",\"@id\":\"https:\/\/www.inventiakinetics.com\/#\/schema\/logo\/image\/\",\"url\":\"https:\/\/www.inventiakinetics.com\/wp-content\/uploads\/2016\/06\/logo-web2.png\",\"contentUrl\":\"https:\/\/www.inventiakinetics.com\/wp-content\/uploads\/2016\/06\/logo-web2.png\",\"width\":680,\"height\":312,\"caption\":\"Inventia Kinetics\"},\"image\":{\"@id\":\"https:\/\/www.inventiakinetics.com\/#\/schema\/logo\/image\/\"}}]}<\/script>\n<!-- \/ Yoast SEO plugin. -->","yoast_head_json":{"title":"Privacidad Contactos - Inventia Kinetics","description":"Lee la advertencia de privacidad para contactos de Inventia Kinetics y conoce c\u00f3mo tratamos tus datos cuando te comunicas con nosotros.","robots":{"index":"index","follow":"follow","max-snippet":"max-snippet:-1","max-image-preview":"max-image-preview:large","max-video-preview":"max-video-preview:-1"},"canonical":"https:\/\/www.inventiakinetics.com\/en\/privacidad-contactos\/","og_locale":"en_GB","og_type":"article","og_title":"Privacidad Contactos - Inventia Kinetics","og_description":"Lee la advertencia de privacidad para contactos de Inventia Kinetics y conoce c\u00f3mo tratamos tus datos cuando te comunicas con nosotros.","og_url":"https:\/\/www.inventiakinetics.com\/en\/privacidad-contactos\/","og_site_name":"Inventia Kinetics","article_modified_time":"2025-01-30T13:01:13+00:00","twitter_card":"summary_large_image","twitter_misc":{"Estimated reading time":"1 minute"},"schema":{"@context":"https:\/\/schema.org","@graph":[{"@type":"WebPage","@id":"https:\/\/www.inventiakinetics.com\/privacidad-contactos\/","url":"https:\/\/www.inventiakinetics.com\/privacidad-contactos\/","name":"Privacidad Contactos - Inventia Kinetics","isPartOf":{"@id":"https:\/\/www.inventiakinetics.com\/#website"},"datePublished":"2022-03-28T13:17:49+00:00","dateModified":"2025-01-30T13:01:13+00:00","description":"Lee la advertencia de privacidad para contactos de Inventia Kinetics y conoce c\u00f3mo tratamos tus datos cuando te comunicas con nosotros.","breadcrumb":{"@id":"https:\/\/www.inventiakinetics.com\/privacidad-contactos\/#breadcrumb"},"inLanguage":"en-GB","potentialAction":[{"@type":"ReadAction","target":["https:\/\/www.inventiakinetics.com\/privacidad-contactos\/"]}]},{"@type":"BreadcrumbList","@id":"https:\/\/www.inventiakinetics.com\/privacidad-contactos\/#breadcrumb","itemListElement":[{"@type":"ListItem","position":1,"name":"Portada","item":"https:\/\/www.inventiakinetics.com\/"},{"@type":"ListItem","position":2,"name":"Privacidad Contactos"}]},{"@type":"WebSite","@id":"https:\/\/www.inventiakinetics.com\/#website","url":"https:\/\/www.inventiakinetics.com\/","name":"Inventia Kinetics","description":"Proyectos de Alto Valor Tecnol\u00f3gico","publisher":{"@id":"https:\/\/www.inventiakinetics.com\/#organization"},"potentialAction":[{"@type":"SearchAction","target":{"@type":"EntryPoint","urlTemplate":"https:\/\/www.inventiakinetics.com\/?s={search_term_string}"},"query-input":{"@type":"PropertyValueSpecification","valueRequired":true,"valueName":"search_term_string"}}],"inLanguage":"en-GB"},{"@type":"Organization","@id":"https:\/\/www.inventiakinetics.com\/#organization","name":"Inventia Kinetics","url":"https:\/\/www.inventiakinetics.com\/","logo":{"@type":"ImageObject","inLanguage":"en-GB","@id":"https:\/\/www.inventiakinetics.com\/#\/schema\/logo\/image\/","url":"https:\/\/www.inventiakinetics.com\/wp-content\/uploads\/2016\/06\/logo-web2.png","contentUrl":"https:\/\/www.inventiakinetics.com\/wp-content\/uploads\/2016\/06\/logo-web2.png","width":680,"height":312,"caption":"Inventia Kinetics"},"image":{"@id":"https:\/\/www.inventiakinetics.com\/#\/schema\/logo\/image\/"}}]}},"_links":{"self":[{"href":"https:\/\/www.inventiakinetics.com\/en\/wp-json\/wp\/v2\/pages\/645","targetHints":{"allow":["GET"]}}],"collection":[{"href":"https:\/\/www.inventiakinetics.com\/en\/wp-json\/wp\/v2\/pages"}],"about":[{"href":"https:\/\/www.inventiakinetics.com\/en\/wp-json\/wp\/v2\/types\/page"}],"author":[{"embeddable":true,"href":"https:\/\/www.inventiakinetics.com\/en\/wp-json\/wp\/v2\/users\/2"}],"replies":[{"embeddable":true,"href":"https:\/\/www.inventiakinetics.com\/en\/wp-json\/wp\/v2\/comments?post=645"}],"version-history":[{"count":2,"href":"https:\/\/www.inventiakinetics.com\/en\/wp-json\/wp\/v2\/pages\/645\/revisions"}],"predecessor-version":[{"id":914,"href":"https:\/\/www.inventiakinetics.com\/en\/wp-json\/wp\/v2\/pages\/645\/revisions\/914"}],"wp:attachment":[{"href":"https:\/\/www.inventiakinetics.com\/en\/wp-json\/wp\/v2\/media?parent=645"}],"curies":[{"name":"wp","href":"https:\/\/api.w.org\/{rel}","templated":true}]}}