{"id":684,"date":"2022-03-30T16:53:56","date_gmt":"2022-03-30T16:53:56","guid":{"rendered":"https:\/\/www.inventiakinetics.com\/?page_id=684"},"modified":"2025-11-07T10:14:20","modified_gmt":"2025-11-07T10:14:20","slug":"politica-de-cookies","status":"publish","type":"page","link":"https:\/\/www.inventiakinetics.com\/en\/politica-de-cookies\/","title":{"rendered":"Pol\u00edtica de cookies"},"content":{"rendered":"<div class='flex_column av-9j4do-f444b9a29c372e739dd85de5213368df av_one_full  avia-builder-el-0  avia-builder-el-no-sibling  first flex_column_div'   ><section  class='av_textblock_section av-l1dt50z4-f152351eb0f099e8c7508f542858102c'  itemscope=\"itemscope\" itemtype=\"https:\/\/schema.org\/CreativeWork\" ><div class='avia_textblock'  itemprop=\"text\" ><h1>Pol\u00edtica de Cookies<\/h1>\n<p>Todos los sitios web utilizan cookies.<\/p>\n<h3>\u00bfQu\u00e9 son las cookies?<\/h3>\n<p>Las cookies son datos acerca del usuario de un sitio Web que se almacenan en el ordenador del usuario y se recupera la informaci\u00f3n cuando navegas al visitar el mismo sitio web.<\/p>\n<p>Hay diversos tipos de cookies, seg\u00fan quien que las gestiona, y el equipo o dominio desde donde se env\u00edan las cookies y traten los datos que se obtengan, podemos saber o distinguir entre ellas:<\/p>\n<p><strong><u>Cookies propias<\/u><\/strong>: Son aquellas que se env\u00edan al equipo terminal del usuario desde un equipo o dominio gestionado por el propio editor y desde el que se presta el servicio solicitado por el usuario.<\/p>\n<p><strong><u>Cookies de terceros<\/u><\/strong>: Son aquellas que se env\u00edan al equipo terminal del usuario desde un equipo o dominio que no es gestionado por el editor, sino por otra entidad que trata los datos obtenidos trav\u00e9s de las cookies.<\/p>\n<p>En el caso de que las cookies sean instaladas desde un equipo o dominio gestionado por el propio editor, pero la informaci\u00f3n que se recoja mediante \u00e9stas sea gestionada por un tercero, no pueden ser consideradas como cookies propias.<\/p>\n<h4>Tipos de cookies seg\u00fan el plazo de tiempo que permanecen activadas:<\/h4>\n<p>Seg\u00fan el plazo de tiempo que permanecen activadas en el equipo terminal podemos distinguir:<\/p>\n<p><strong><u>Cookies de sesi\u00f3n<\/u><\/strong>: Son un tipo de cookies dise\u00f1adas para recabar y almacenar datos mientras el usuario accede a una p\u00e1gina web. Se suelen emplear para almacenar informaci\u00f3n que solo interesa conservar para la prestaci\u00f3n del servicio solicitado por el usuario en una sola ocasi\u00f3n (por ej. una lista de productos adquiridos).<\/p>\n<p><strong><u>Cookies persistentes<\/u><\/strong>: Son un tipo de cookies en el que los datos siguen almacenados en el terminal y pueden ser accedidos y tratados durante un periodo definido por el responsable de la cookie, y que puede ir de unos minutos a varios a\u00f1os.<\/p>\n<h4>Tipos de cookies seg\u00fan su finalidad:<\/h4>\n<p>Seg\u00fan la finalidad para la que se traten los datos obtenidos a trav\u00e9s de las cookies, podemos distinguir entre:<\/p>\n<p><strong><u>Cookies t\u00e9cnicas<\/u><\/strong>: Son aqu\u00e9llas que permiten al usuario la navegaci\u00f3n a trav\u00e9s de una p\u00e1gina web, plataforma o aplicaci\u00f3n y la utilizaci\u00f3n de las diferentes opciones o servicios que en ella existan como, por ejemplo, controlar el tr\u00e1fico y la comunicaci\u00f3n de datos, identificar la sesi\u00f3n, acceder a partes de acceso restringido, recordar los elementos que integran un pedido, realizar el proceso de compra de un pedido, realizar la solicitud de inscripci\u00f3n o participaci\u00f3n en un evento, utilizar elementos de seguridad durante la navegaci\u00f3n, almacenar contenidos para la difusi\u00f3n de v\u00eddeos o sonido o compartir contenidos a trav\u00e9s de redes sociales.<\/p>\n<p><strong><u>Cookies de preferencias o personalizaci\u00f3n<\/u><\/strong>: Son aqu\u00e9llas que permiten al usuario acceder al servicio con algunas caracter\u00edsticas de car\u00e1cter general predefinidas en funci\u00f3n de una serie de criterios en el terminal del usuario como por ejemplo serian el idioma, el tipo de navegador a trav\u00e9s del cual accede al servicio, la configuraci\u00f3n regional desde donde accede al servicio, etc.<\/p>\n<p><strong><u>Cookies de an\u00e1lisis o medici\u00f3n<\/u><\/strong>: Son aqu\u00e9llas que permiten al responsable de las mismas, el seguimiento y an\u00e1lisis del comportamiento de los usuarios de los sitios web a los que est\u00e1n vinculadas. La informaci\u00f3n recogida mediante este tipo de cookies se utiliza en la medici\u00f3n de la actividad de los sitios web, aplicaci\u00f3n o plataforma y para la elaboraci\u00f3n de perfiles de navegaci\u00f3n de los usuarios de dichos sitios, aplicaciones y plataformas, con el fin de introducir mejoras en funci\u00f3n del an\u00e1lisis de los datos de uso que hacen los usuarios del servicio.<\/p>\n<p><strong><u>Cookies publicitarias<\/u><\/strong>: Son aquellas que permiten la gesti\u00f3n, de la forma m\u00e1s eficaz posible, de los espacios publicitarios que, en su caso, el editor haya incluido en una p\u00e1gina web, aplicaci\u00f3n o plataforma desde la que presta el servicio solicitado en base a criterios como el contenido editado o la frecuencia en la que se muestran los anuncios.<\/p>\n<p><strong><u>Cookies de publicidad comportamental<\/u><\/strong>: Son aquellas que permiten la gesti\u00f3n, de la forma m\u00e1s eficaz posible, de los espacios publicitarios que, en su caso, el editor haya incluido en una p\u00e1gina web, aplicaci\u00f3n o plataforma desde la que presta el servicio solicitado. Estas cookies almacenan informaci\u00f3n del comportamiento de los usuarios obtenida a trav\u00e9s de la observaci\u00f3n continuada de sus h\u00e1bitos de navegaci\u00f3n, lo que permite desarrollar un perfil espec\u00edfico para mostrar publicidad en funci\u00f3n del mismo.<\/p>\n<p><strong><u>\u00bfC\u00f3mo desactivar las cookies desde su navegador web?<\/u><\/strong><\/p>\n<p>Para ello debe saber que los navegadores permiten, bloquear, restringir e incluso borrar las cookies. Todos los navegadores tienen una configuraci\u00f3n para ello, y puede hacerlo siguiendo uno de los siguientes procedimientos que se detallan a continuaci\u00f3n:<\/p>\n<ul>\n<li><a href=\"http:\/\/support.google.com\/chrome\/answer\/95647?hl=es\"><strong>Google Chrome\u00a0 <\/strong><\/a><\/li>\n<li><a href=\"http:\/\/support.mozilla.org\/es\/kb\/habilitar-y-deshabilitar-cookies-que-los-sitios-we\"><strong>Mozilla Firefox\u00a0 <\/strong><\/a><\/li>\n<li><a href=\"http:\/\/windows.microsoft.com\/es-es\/windows-vista\/block-or-allow-cookies\"><strong>Internet Explorer\u00a0 <\/strong><\/a><\/li>\n<li><a href=\"http:\/\/support.apple.com\/kb\/ph5042?viewlocale=es_es\"><strong>Safari\u00a0 <\/strong><\/a><\/li>\n<li><a href=\"http:\/\/help.opera.com\/Windows\/12.10\/en\/cookies.html\"><strong>Opera\u00a0 <\/strong><\/a><\/li>\n<li><a href=\"http:\/\/www.windowsphone.com\/es-es\/how-to\/wp7\/web\/changing-privacy-and-other-browser-settings\"><strong>Internet Explorer (Windows Phone)\u00a0 <\/strong><\/a><\/li>\n<li><a href=\"http:\/\/support.apple.com\/kb\/ht1677?viewlocale=es_es\"><strong>Safari para IOS (iPhone y iPad)\u00a0 <\/strong><\/a><\/li>\n<li><a href=\"http:\/\/support.google.com\/chrome\/answer\/2392971?hl=es\"><strong>Chrome para Android\u00a0 <\/strong><\/a><\/li>\n<\/ul>\n<p>Esta web utiliza la informaci\u00f3n recopilada a trav\u00e9s de los siguientes tipos de cookies para mejorar los contenidos y el uso de este sitio Web.<\/p>\n<h3>\u00bfQu\u00e9 cookies utilizamos?<\/h3>\n<p>Las cookies que utilizamos en nuestra p\u00e1gina web son:<\/p>\n<table width=\"100%\">\n<tbody>\n<tr>\n<td colspan=\"4\">PROPIAS<\/td>\n<td width=\"0\"><\/td>\n<\/tr>\n<tr>\n<td width=\"25%\"><strong>NOMBRE<\/strong><\/td>\n<td width=\"25%\"><strong>TIPO<\/strong><\/td>\n<td width=\"25%\"><strong>CADUCIDAD<\/strong><\/td>\n<td colspan=\"25%\" width=\"170\"><strong>FUNCI\u00d3N<\/strong><\/td>\n<\/tr>\n<tr>\n<td width=\"25%\">PHPSESSID<\/td>\n<td width=\"25%\">WordPress<\/td>\n<td width=\"25%\">Al finalizar la sesi\u00f3n de navegaci\u00f3n<\/td>\n<td colspan=\"25%\" width=\"170\">Navegaci\u00f3n general de la web<\/td>\n<\/tr>\n<tr>\n<td width=\"25%\">WordPress test cookie<\/td>\n<td width=\"25%\">WP+Cookie+check<\/td>\n<td width=\"25%\">Al finalizar la sesi\u00f3n de navegaci\u00f3n<\/td>\n<td colspan=\"25%\" width=\"170\">Navegaci\u00f3n general de la web<\/td>\n<\/tr>\n<\/tbody>\n<\/table>\n<table width=\"100%\">\n<tbody>\n<tr>\n<td colspan=\"6\" width=\"100%\"><strong>DE TERCEROS<\/strong><\/td>\n<\/tr>\n<tr>\n<td width=\"20%\"><strong>NOMBRE<\/strong><\/td>\n<td width=\"20%\"><strong>TIPO<\/strong><\/td>\n<td width=\"20%\"><strong>DOMINIO<\/strong><\/td>\n<td width=\"20%\"><strong>CADUCIDAD<\/strong><\/td>\n<td width=\"20%\"><strong>FUNCI\u00d3N<\/strong><\/td>\n<td width=\"20%\"><strong>ENLACE OPT-OUT<\/strong><\/td>\n<\/tr>\n<tr>\n<td width=\"20%\">\u00a0_ga<\/td>\n<td width=\"20%\">\u00a0Google Analytics<\/td>\n<td width=\"20%\">https:\/\/analytics.google.com<\/td>\n<td width=\"20%\">2 a\u00f1os<\/td>\n<td width=\"20%\">Identificador del usuario<\/td>\n<td width=\"20%\"><a href=\"\/en\/#gdpr_cookie_modal\">Enlace<\/a><\/td>\n<\/tr>\n<tr>\n<td width=\"20%\">\u00a0_gat_gtag<\/td>\n<td width=\"20%\">\u00a0Google Analytics<\/td>\n<td width=\"20%\">https:\/\/analytics.google.com<\/td>\n<td width=\"20%\">1 minuto<\/td>\n<td width=\"20%\">Duraci\u00f3n de la visita<\/td>\n<td width=\"20%\"><a href=\"\/en\/#gdpr_cookie_modal\">Enlace<\/a><\/td>\n<\/tr>\n<tr>\n<td width=\"20%\">_gid<\/td>\n<td width=\"20%\">Google Analytics<\/td>\n<td width=\"20%\">https:\/\/analytics.google.com<\/td>\n<td width=\"20%\">1 d\u00eda<\/td>\n<td width=\"20%\">Identificador de la sesi\u00f3n del usuario<\/td>\n<td width=\"20%\"><a href=\"\/en\/#gdpr_cookie_modal\">Enlace<\/a><\/td>\n<\/tr>\n<tr>\n<td width=\"20%\">moove_gdpr_popup<\/td>\n<td width=\"20%\">Moove gdpr<\/td>\n<td width=\"20%\">https:\/\/www.mooveagency.com\/wordpress\/gdpr-cookie-compliance-plugin\/<\/td>\n<td width=\"20%\">365 d\u00edas<\/td>\n<td width=\"20%\">Identificador de los ajustes del usuario y sus cookies<\/td>\n<td width=\"20%\"><a href=\"\/en\/#gdpr_cookie_modal\">Enlace<\/a><\/td>\n<\/tr>\n<\/tbody>\n<\/table>\n<\/div><\/section><br \/>\n\n<style type=\"text\/css\" data-created_by=\"avia_inline_auto\" id=\"style-css-av-mhop7y01-03ac2d323d2a1eb8a56a32a5b4703542\">\n.avia-image-container.av-mhop7y01-03ac2d323d2a1eb8a56a32a5b4703542 .av-image-caption-overlay-center{\ncolor:#ffffff;\n}\n<\/style>\n<div  class='avia-image-container av-mhop7y01-03ac2d323d2a1eb8a56a32a5b4703542 av-styling- avia-align-center  avia-builder-el-2  el_after_av_textblock  avia-builder-el-last'  itemprop=\"image\" itemscope=\"itemscope\" itemtype=\"https:\/\/schema.org\/ImageObject\" ><div class=\"avia-image-container-inner\"><div class=\"avia-image-overlay-wrap\"><img decoding=\"async\" class='wp-image-885 avia-img-lazy-loading-not-885 avia_image' src=\"https:\/\/www.inventiakinetics.com\/wp-content\/uploads\/2025\/01\/LOGOS-WEB-KIT-DIGITAL-1500x140.jpg\" alt='' title='LOGOS WEB KIT DIGITAL'  height=\"140\" width=\"1500\"  itemprop=\"thumbnailUrl\" srcset=\"https:\/\/www.inventiakinetics.com\/wp-content\/uploads\/2025\/01\/LOGOS-WEB-KIT-DIGITAL-1500x140.jpg 1500w, https:\/\/www.inventiakinetics.com\/wp-content\/uploads\/2025\/01\/LOGOS-WEB-KIT-DIGITAL-300x28.jpg 300w, https:\/\/www.inventiakinetics.com\/wp-content\/uploads\/2025\/01\/LOGOS-WEB-KIT-DIGITAL-1024x95.jpg 1024w, https:\/\/www.inventiakinetics.com\/wp-content\/uploads\/2025\/01\/LOGOS-WEB-KIT-DIGITAL-1536x143.jpg 1536w, https:\/\/www.inventiakinetics.com\/wp-content\/uploads\/2025\/01\/LOGOS-WEB-KIT-DIGITAL-2048x191.jpg 2048w, https:\/\/www.inventiakinetics.com\/wp-content\/uploads\/2025\/01\/LOGOS-WEB-KIT-DIGITAL-705x66.jpg 705w\" sizes=\"(max-width: 1500px) 100vw, 1500px\" \/><\/div><\/div><\/div><\/p><\/div>","protected":false},"excerpt":{"rendered":"","protected":false},"author":1,"featured_media":0,"parent":0,"menu_order":0,"comment_status":"closed","ping_status":"closed","template":"","meta":{"footnotes":""},"class_list":["post-684","page","type-page","status-publish","hentry"],"yoast_head":"<!-- This site is optimized with the Yoast SEO plugin v27.0 - https:\/\/yoast.com\/product\/yoast-seo-wordpress\/ -->\n<title>Pol\u00edtica de cookies - Inventia Kinetics<\/title>\n<meta name=\"description\" content=\"Consulta la pol\u00edtica de cookies de Inventia Kinetics para saber c\u00f3mo utilizamos las cookies en nuestro sitio web y c\u00f3mo puedes gestionarlas.\" \/>\n<meta name=\"robots\" content=\"index, follow, max-snippet:-1, max-image-preview:large, max-video-preview:-1\" \/>\n<link rel=\"canonical\" href=\"https:\/\/www.inventiakinetics.com\/en\/politica-de-cookies\/\" \/>\n<meta property=\"og:locale\" content=\"en_GB\" \/>\n<meta property=\"og:type\" content=\"article\" \/>\n<meta property=\"og:title\" content=\"Pol\u00edtica de cookies - Inventia Kinetics\" \/>\n<meta property=\"og:description\" content=\"Consulta la pol\u00edtica de cookies de Inventia Kinetics para saber c\u00f3mo utilizamos las cookies en nuestro sitio web y c\u00f3mo puedes gestionarlas.\" \/>\n<meta property=\"og:url\" content=\"https:\/\/www.inventiakinetics.com\/en\/politica-de-cookies\/\" \/>\n<meta property=\"og:site_name\" content=\"Inventia Kinetics\" \/>\n<meta property=\"article:modified_time\" content=\"2025-11-07T10:14:20+00:00\" \/>\n<meta name=\"twitter:card\" content=\"summary_large_image\" \/>\n<meta name=\"twitter:label1\" content=\"Estimated reading time\" \/>\n\t<meta name=\"twitter:data1\" content=\"5 minutes\" \/>\n<script type=\"application\/ld+json\" class=\"yoast-schema-graph\">{\"@context\":\"https:\/\/schema.org\",\"@graph\":[{\"@type\":\"WebPage\",\"@id\":\"https:\/\/www.inventiakinetics.com\/politica-de-cookies\/\",\"url\":\"https:\/\/www.inventiakinetics.com\/politica-de-cookies\/\",\"name\":\"Pol\u00edtica de cookies - Inventia Kinetics\",\"isPartOf\":{\"@id\":\"https:\/\/www.inventiakinetics.com\/#website\"},\"datePublished\":\"2022-03-30T16:53:56+00:00\",\"dateModified\":\"2025-11-07T10:14:20+00:00\",\"description\":\"Consulta la pol\u00edtica de cookies de Inventia Kinetics para saber c\u00f3mo utilizamos las cookies en nuestro sitio web y c\u00f3mo puedes gestionarlas.\",\"breadcrumb\":{\"@id\":\"https:\/\/www.inventiakinetics.com\/politica-de-cookies\/#breadcrumb\"},\"inLanguage\":\"en-GB\",\"potentialAction\":[{\"@type\":\"ReadAction\",\"target\":[\"https:\/\/www.inventiakinetics.com\/politica-de-cookies\/\"]}]},{\"@type\":\"BreadcrumbList\",\"@id\":\"https:\/\/www.inventiakinetics.com\/politica-de-cookies\/#breadcrumb\",\"itemListElement\":[{\"@type\":\"ListItem\",\"position\":1,\"name\":\"Portada\",\"item\":\"https:\/\/www.inventiakinetics.com\/\"},{\"@type\":\"ListItem\",\"position\":2,\"name\":\"Pol\u00edtica de cookies\"}]},{\"@type\":\"WebSite\",\"@id\":\"https:\/\/www.inventiakinetics.com\/#website\",\"url\":\"https:\/\/www.inventiakinetics.com\/\",\"name\":\"Inventia Kinetics\",\"description\":\"Proyectos de Alto Valor Tecnol\u00f3gico\",\"publisher\":{\"@id\":\"https:\/\/www.inventiakinetics.com\/#organization\"},\"potentialAction\":[{\"@type\":\"SearchAction\",\"target\":{\"@type\":\"EntryPoint\",\"urlTemplate\":\"https:\/\/www.inventiakinetics.com\/?s={search_term_string}\"},\"query-input\":{\"@type\":\"PropertyValueSpecification\",\"valueRequired\":true,\"valueName\":\"search_term_string\"}}],\"inLanguage\":\"en-GB\"},{\"@type\":\"Organization\",\"@id\":\"https:\/\/www.inventiakinetics.com\/#organization\",\"name\":\"Inventia Kinetics\",\"url\":\"https:\/\/www.inventiakinetics.com\/\",\"logo\":{\"@type\":\"ImageObject\",\"inLanguage\":\"en-GB\",\"@id\":\"https:\/\/www.inventiakinetics.com\/#\/schema\/logo\/image\/\",\"url\":\"https:\/\/www.inventiakinetics.com\/wp-content\/uploads\/2016\/06\/logo-web2.png\",\"contentUrl\":\"https:\/\/www.inventiakinetics.com\/wp-content\/uploads\/2016\/06\/logo-web2.png\",\"width\":680,\"height\":312,\"caption\":\"Inventia Kinetics\"},\"image\":{\"@id\":\"https:\/\/www.inventiakinetics.com\/#\/schema\/logo\/image\/\"}}]}<\/script>\n<!-- \/ Yoast SEO plugin. -->","yoast_head_json":{"title":"Pol\u00edtica de cookies - Inventia Kinetics","description":"Consulta la pol\u00edtica de cookies de Inventia Kinetics para saber c\u00f3mo utilizamos las cookies en nuestro sitio web y c\u00f3mo puedes gestionarlas.","robots":{"index":"index","follow":"follow","max-snippet":"max-snippet:-1","max-image-preview":"max-image-preview:large","max-video-preview":"max-video-preview:-1"},"canonical":"https:\/\/www.inventiakinetics.com\/en\/politica-de-cookies\/","og_locale":"en_GB","og_type":"article","og_title":"Pol\u00edtica de cookies - Inventia Kinetics","og_description":"Consulta la pol\u00edtica de cookies de Inventia Kinetics para saber c\u00f3mo utilizamos las cookies en nuestro sitio web y c\u00f3mo puedes gestionarlas.","og_url":"https:\/\/www.inventiakinetics.com\/en\/politica-de-cookies\/","og_site_name":"Inventia Kinetics","article_modified_time":"2025-11-07T10:14:20+00:00","twitter_card":"summary_large_image","twitter_misc":{"Estimated reading time":"5 minutes"},"schema":{"@context":"https:\/\/schema.org","@graph":[{"@type":"WebPage","@id":"https:\/\/www.inventiakinetics.com\/politica-de-cookies\/","url":"https:\/\/www.inventiakinetics.com\/politica-de-cookies\/","name":"Pol\u00edtica de cookies - Inventia Kinetics","isPartOf":{"@id":"https:\/\/www.inventiakinetics.com\/#website"},"datePublished":"2022-03-30T16:53:56+00:00","dateModified":"2025-11-07T10:14:20+00:00","description":"Consulta la pol\u00edtica de cookies de Inventia Kinetics para saber c\u00f3mo utilizamos las cookies en nuestro sitio web y c\u00f3mo puedes gestionarlas.","breadcrumb":{"@id":"https:\/\/www.inventiakinetics.com\/politica-de-cookies\/#breadcrumb"},"inLanguage":"en-GB","potentialAction":[{"@type":"ReadAction","target":["https:\/\/www.inventiakinetics.com\/politica-de-cookies\/"]}]},{"@type":"BreadcrumbList","@id":"https:\/\/www.inventiakinetics.com\/politica-de-cookies\/#breadcrumb","itemListElement":[{"@type":"ListItem","position":1,"name":"Portada","item":"https:\/\/www.inventiakinetics.com\/"},{"@type":"ListItem","position":2,"name":"Pol\u00edtica de cookies"}]},{"@type":"WebSite","@id":"https:\/\/www.inventiakinetics.com\/#website","url":"https:\/\/www.inventiakinetics.com\/","name":"Inventia Kinetics","description":"Proyectos de Alto Valor Tecnol\u00f3gico","publisher":{"@id":"https:\/\/www.inventiakinetics.com\/#organization"},"potentialAction":[{"@type":"SearchAction","target":{"@type":"EntryPoint","urlTemplate":"https:\/\/www.inventiakinetics.com\/?s={search_term_string}"},"query-input":{"@type":"PropertyValueSpecification","valueRequired":true,"valueName":"search_term_string"}}],"inLanguage":"en-GB"},{"@type":"Organization","@id":"https:\/\/www.inventiakinetics.com\/#organization","name":"Inventia Kinetics","url":"https:\/\/www.inventiakinetics.com\/","logo":{"@type":"ImageObject","inLanguage":"en-GB","@id":"https:\/\/www.inventiakinetics.com\/#\/schema\/logo\/image\/","url":"https:\/\/www.inventiakinetics.com\/wp-content\/uploads\/2016\/06\/logo-web2.png","contentUrl":"https:\/\/www.inventiakinetics.com\/wp-content\/uploads\/2016\/06\/logo-web2.png","width":680,"height":312,"caption":"Inventia Kinetics"},"image":{"@id":"https:\/\/www.inventiakinetics.com\/#\/schema\/logo\/image\/"}}]}},"_links":{"self":[{"href":"https:\/\/www.inventiakinetics.com\/en\/wp-json\/wp\/v2\/pages\/684","targetHints":{"allow":["GET"]}}],"collection":[{"href":"https:\/\/www.inventiakinetics.com\/en\/wp-json\/wp\/v2\/pages"}],"about":[{"href":"https:\/\/www.inventiakinetics.com\/en\/wp-json\/wp\/v2\/types\/page"}],"author":[{"embeddable":true,"href":"https:\/\/www.inventiakinetics.com\/en\/wp-json\/wp\/v2\/users\/1"}],"replies":[{"embeddable":true,"href":"https:\/\/www.inventiakinetics.com\/en\/wp-json\/wp\/v2\/comments?post=684"}],"version-history":[{"count":6,"href":"https:\/\/www.inventiakinetics.com\/en\/wp-json\/wp\/v2\/pages\/684\/revisions"}],"predecessor-version":[{"id":947,"href":"https:\/\/www.inventiakinetics.com\/en\/wp-json\/wp\/v2\/pages\/684\/revisions\/947"}],"wp:attachment":[{"href":"https:\/\/www.inventiakinetics.com\/en\/wp-json\/wp\/v2\/media?parent=684"}],"curies":[{"name":"wp","href":"https:\/\/api.w.org\/{rel}","templated":true}]}}