{"id":848,"date":"2023-11-02T12:07:44","date_gmt":"2023-11-02T12:07:44","guid":{"rendered":"https:\/\/www.inventiakinetics.com\/?page_id=848"},"modified":"2025-11-03T11:01:09","modified_gmt":"2025-11-03T11:01:09","slug":"mufasa","status":"publish","type":"page","link":"https:\/\/www.inventiakinetics.com\/en\/mufasa\/","title":{"rendered":"MUFASA"},"content":{"rendered":"<p>La empresa <strong>INVENTIA Kinetics<\/strong> participa en el desarrollo del proyecto <strong>MUFASA \u2013 TECNOLOG\u00cdAS DE MONTAJE MULTIDISCIPLINAR PARA AERONAVES SOSTENIBLES<\/strong>, cuyo objetivo es desarrollar las capacidades del tejido industrial espa\u00f1ol orientadas a satisfacer los retos tecnol\u00f3gicos asociados a la automatizaci\u00f3n del montaje de aeroestructuras, centrado en cada uno de los componentes individuales del Futuro Fuselaje Trasero no presurizado y Empenaje (o cola):<\/p>\n<p>i) estabilizador horizontal (HTP)<\/p>\n<p>ii) fuselaje trasero (secci\u00f3n S6)<\/p>\n<p>y iii) cono de cola (secci\u00f3n S6.1)<\/p>\n<p>as\u00ed como la integraci\u00f3n final de los tres componentes de manera que formen un \u00fanico componente aumentando su nivel de integraci\u00f3n y la tasa de producci\u00f3n, y reduciendo el coste y el consumo de energ\u00eda al eliminar operaciones y plantillas de montaje.<\/p>\n<p>Este proyecto ha sido subvencionado por el CDTI, con el apoyo del Ministerio de Ciencia e Innovaci\u00f3n, con n\u00famero de expediente PTAG-20221001 a trav\u00e9s de la convocatoria para el a\u00f1o 2022 del procedimiento de concesi\u00f3n de ayudas destinadas al \u201cPrograma Tecnol\u00f3gico Aeron\u00e1utico\u201d, del Programa Estatal para Catalizar la Innovaci\u00f3n y el Liderazgo Empresarial del Plan Estatal de Investigaci\u00f3n Cient\u00edfica y T\u00e9cnica y de Innovaci\u00f3n 2021-2023, en el marco del Plan de Recuperaci\u00f3n, Transformaci\u00f3n y Resiliencia.<\/p>\n<p><img loading=\"lazy\" decoding=\"async\" class=\"alignnone  wp-image-921\" src=\"https:\/\/www.inventiakinetics.com\/wp-content\/uploads\/2025\/11\/logo_cdti_2023_soportes_digitales-300x53.png\" alt=\"\" width=\"368\" height=\"65\" srcset=\"https:\/\/www.inventiakinetics.com\/wp-content\/uploads\/2025\/11\/logo_cdti_2023_soportes_digitales-300x53.png 300w, https:\/\/www.inventiakinetics.com\/wp-content\/uploads\/2025\/11\/logo_cdti_2023_soportes_digitales-1024x180.png 1024w, https:\/\/www.inventiakinetics.com\/wp-content\/uploads\/2025\/11\/logo_cdti_2023_soportes_digitales-1536x270.png 1536w, https:\/\/www.inventiakinetics.com\/wp-content\/uploads\/2025\/11\/logo_cdti_2023_soportes_digitales-2048x360.png 2048w, https:\/\/www.inventiakinetics.com\/wp-content\/uploads\/2025\/11\/logo_cdti_2023_soportes_digitales-1500x264.png 1500w, https:\/\/www.inventiakinetics.com\/wp-content\/uploads\/2025\/11\/logo_cdti_2023_soportes_digitales-705x124.png 705w\" sizes=\"auto, (max-width: 368px) 100vw, 368px\" \/><img loading=\"lazy\" decoding=\"async\" class=\"alignnone size-medium wp-image-633\" src=\"http:\/\/www.inventiakinetics.com\/wp-content\/uploads\/2022\/03\/NextGeneration_1-300x73.png\" alt=\"\" width=\"300\" height=\"73\" srcset=\"https:\/\/www.inventiakinetics.com\/wp-content\/uploads\/2022\/03\/NextGeneration_1-300x73.png 300w, https:\/\/www.inventiakinetics.com\/wp-content\/uploads\/2022\/03\/NextGeneration_1-450x110.png 450w, https:\/\/www.inventiakinetics.com\/wp-content\/uploads\/2022\/03\/NextGeneration_1.png 546w\" sizes=\"auto, (max-width: 300px) 100vw, 300px\" \/><img loading=\"lazy\" decoding=\"async\" class=\"alignnone wp-image-823\" src=\"https:\/\/www.inventiakinetics.com\/wp-content\/uploads\/2023\/08\/Logo-PRTR-dos-li\u0301neas_COLOR_-300x69.jpg\" alt=\"\" width=\"330\" height=\"76\" srcset=\"https:\/\/www.inventiakinetics.com\/wp-content\/uploads\/2023\/08\/Logo-PRTR-dos-li\u0301neas_COLOR_-300x69.jpg 300w, https:\/\/www.inventiakinetics.com\/wp-content\/uploads\/2023\/08\/Logo-PRTR-dos-li\u0301neas_COLOR_-1024x236.jpg 1024w, https:\/\/www.inventiakinetics.com\/wp-content\/uploads\/2023\/08\/Logo-PRTR-dos-li\u0301neas_COLOR_-1536x353.jpg 1536w, https:\/\/www.inventiakinetics.com\/wp-content\/uploads\/2023\/08\/Logo-PRTR-dos-li\u0301neas_COLOR_-1500x345.jpg 1500w, https:\/\/www.inventiakinetics.com\/wp-content\/uploads\/2023\/08\/Logo-PRTR-dos-li\u0301neas_COLOR_-705x162.jpg 705w, https:\/\/www.inventiakinetics.com\/wp-content\/uploads\/2023\/08\/Logo-PRTR-dos-li\u0301neas_COLOR_.jpg 1873w\" sizes=\"auto, (max-width: 330px) 100vw, 330px\" \/><\/p>","protected":false},"excerpt":{"rendered":"<p>La empresa INVENTIA Kinetics participa en el desarrollo del proyecto MUFASA \u2013 TECNOLOG\u00cdAS DE MONTAJE MULTIDISCIPLINAR PARA AERONAVES SOSTENIBLES, cuyo objetivo es desarrollar las capacidades del tejido industrial espa\u00f1ol orientadas a satisfacer los retos tecnol\u00f3gicos asociados a la automatizaci\u00f3n del montaje de aeroestructuras, centrado en cada uno de los componentes individuales del Futuro Fuselaje Trasero [&hellip;]<\/p>\n","protected":false},"author":2,"featured_media":0,"parent":0,"menu_order":0,"comment_status":"closed","ping_status":"closed","template":"","meta":{"footnotes":""},"class_list":["post-848","page","type-page","status-publish","hentry"],"yoast_head":"<!-- This site is optimized with the Yoast SEO plugin v27.0 - https:\/\/yoast.com\/product\/yoast-seo-wordpress\/ -->\n<title>MUFASA - Inventia Kinetics<\/title>\n<meta name=\"description\" content=\"Inventia Kinetics participa en el proyecto MUFASA, impulsando tecnolog\u00edas de montaje automatizado para el fuselaje y empenaje de aeronaves.\" \/>\n<meta name=\"robots\" content=\"index, follow, max-snippet:-1, max-image-preview:large, max-video-preview:-1\" \/>\n<link rel=\"canonical\" href=\"https:\/\/www.inventiakinetics.com\/en\/mufasa\/\" \/>\n<meta property=\"og:locale\" content=\"en_GB\" \/>\n<meta property=\"og:type\" content=\"article\" \/>\n<meta property=\"og:title\" content=\"MUFASA - Inventia Kinetics\" \/>\n<meta property=\"og:description\" content=\"Inventia Kinetics participa en el proyecto MUFASA, impulsando tecnolog\u00edas de montaje automatizado para el fuselaje y empenaje de aeronaves.\" \/>\n<meta property=\"og:url\" content=\"https:\/\/www.inventiakinetics.com\/en\/mufasa\/\" \/>\n<meta property=\"og:site_name\" content=\"Inventia Kinetics\" \/>\n<meta property=\"article:modified_time\" content=\"2025-11-03T11:01:09+00:00\" \/>\n<meta property=\"og:image\" content=\"https:\/\/www.inventiakinetics.com\/wp-content\/uploads\/2025\/11\/logo_cdti_2023_soportes_digitales.png\" \/>\n\t<meta property=\"og:image:width\" content=\"9213\" \/>\n\t<meta property=\"og:image:height\" content=\"1619\" \/>\n\t<meta property=\"og:image:type\" content=\"image\/png\" \/>\n<meta name=\"twitter:card\" content=\"summary_large_image\" \/>\n<meta name=\"twitter:label1\" content=\"Estimated reading time\" \/>\n\t<meta name=\"twitter:data1\" content=\"2 minutes\" \/>\n<script type=\"application\/ld+json\" class=\"yoast-schema-graph\">{\"@context\":\"https:\/\/schema.org\",\"@graph\":[{\"@type\":\"WebPage\",\"@id\":\"https:\/\/www.inventiakinetics.com\/mufasa\/\",\"url\":\"https:\/\/www.inventiakinetics.com\/mufasa\/\",\"name\":\"MUFASA - Inventia Kinetics\",\"isPartOf\":{\"@id\":\"https:\/\/www.inventiakinetics.com\/#website\"},\"primaryImageOfPage\":{\"@id\":\"https:\/\/www.inventiakinetics.com\/mufasa\/#primaryimage\"},\"image\":{\"@id\":\"https:\/\/www.inventiakinetics.com\/mufasa\/#primaryimage\"},\"thumbnailUrl\":\"https:\/\/www.inventiakinetics.com\/wp-content\/uploads\/2025\/11\/logo_cdti_2023_soportes_digitales-300x53.png\",\"datePublished\":\"2023-11-02T12:07:44+00:00\",\"dateModified\":\"2025-11-03T11:01:09+00:00\",\"description\":\"Inventia Kinetics participa en el proyecto MUFASA, impulsando tecnolog\u00edas de montaje automatizado para el fuselaje y empenaje de aeronaves.\",\"breadcrumb\":{\"@id\":\"https:\/\/www.inventiakinetics.com\/mufasa\/#breadcrumb\"},\"inLanguage\":\"en-GB\",\"potentialAction\":[{\"@type\":\"ReadAction\",\"target\":[\"https:\/\/www.inventiakinetics.com\/mufasa\/\"]}]},{\"@type\":\"ImageObject\",\"inLanguage\":\"en-GB\",\"@id\":\"https:\/\/www.inventiakinetics.com\/mufasa\/#primaryimage\",\"url\":\"https:\/\/www.inventiakinetics.com\/wp-content\/uploads\/2025\/11\/logo_cdti_2023_soportes_digitales-300x53.png\",\"contentUrl\":\"https:\/\/www.inventiakinetics.com\/wp-content\/uploads\/2025\/11\/logo_cdti_2023_soportes_digitales-300x53.png\"},{\"@type\":\"BreadcrumbList\",\"@id\":\"https:\/\/www.inventiakinetics.com\/mufasa\/#breadcrumb\",\"itemListElement\":[{\"@type\":\"ListItem\",\"position\":1,\"name\":\"Portada\",\"item\":\"https:\/\/www.inventiakinetics.com\/\"},{\"@type\":\"ListItem\",\"position\":2,\"name\":\"MUFASA\"}]},{\"@type\":\"WebSite\",\"@id\":\"https:\/\/www.inventiakinetics.com\/#website\",\"url\":\"https:\/\/www.inventiakinetics.com\/\",\"name\":\"Inventia Kinetics\",\"description\":\"Proyectos de Alto Valor Tecnol\u00f3gico\",\"publisher\":{\"@id\":\"https:\/\/www.inventiakinetics.com\/#organization\"},\"potentialAction\":[{\"@type\":\"SearchAction\",\"target\":{\"@type\":\"EntryPoint\",\"urlTemplate\":\"https:\/\/www.inventiakinetics.com\/?s={search_term_string}\"},\"query-input\":{\"@type\":\"PropertyValueSpecification\",\"valueRequired\":true,\"valueName\":\"search_term_string\"}}],\"inLanguage\":\"en-GB\"},{\"@type\":\"Organization\",\"@id\":\"https:\/\/www.inventiakinetics.com\/#organization\",\"name\":\"Inventia Kinetics\",\"url\":\"https:\/\/www.inventiakinetics.com\/\",\"logo\":{\"@type\":\"ImageObject\",\"inLanguage\":\"en-GB\",\"@id\":\"https:\/\/www.inventiakinetics.com\/#\/schema\/logo\/image\/\",\"url\":\"https:\/\/www.inventiakinetics.com\/wp-content\/uploads\/2016\/06\/logo-web2.png\",\"contentUrl\":\"https:\/\/www.inventiakinetics.com\/wp-content\/uploads\/2016\/06\/logo-web2.png\",\"width\":680,\"height\":312,\"caption\":\"Inventia Kinetics\"},\"image\":{\"@id\":\"https:\/\/www.inventiakinetics.com\/#\/schema\/logo\/image\/\"}}]}<\/script>\n<!-- \/ Yoast SEO plugin. -->","yoast_head_json":{"title":"MUFASA - Inventia Kinetics","description":"Inventia Kinetics participa en el proyecto MUFASA, impulsando tecnolog\u00edas de montaje automatizado para el fuselaje y empenaje de aeronaves.","robots":{"index":"index","follow":"follow","max-snippet":"max-snippet:-1","max-image-preview":"max-image-preview:large","max-video-preview":"max-video-preview:-1"},"canonical":"https:\/\/www.inventiakinetics.com\/en\/mufasa\/","og_locale":"en_GB","og_type":"article","og_title":"MUFASA - Inventia Kinetics","og_description":"Inventia Kinetics participa en el proyecto MUFASA, impulsando tecnolog\u00edas de montaje automatizado para el fuselaje y empenaje de aeronaves.","og_url":"https:\/\/www.inventiakinetics.com\/en\/mufasa\/","og_site_name":"Inventia Kinetics","article_modified_time":"2025-11-03T11:01:09+00:00","og_image":[{"width":9213,"height":1619,"url":"https:\/\/www.inventiakinetics.com\/wp-content\/uploads\/2025\/11\/logo_cdti_2023_soportes_digitales.png","type":"image\/png"}],"twitter_card":"summary_large_image","twitter_misc":{"Estimated reading time":"2 minutes"},"schema":{"@context":"https:\/\/schema.org","@graph":[{"@type":"WebPage","@id":"https:\/\/www.inventiakinetics.com\/mufasa\/","url":"https:\/\/www.inventiakinetics.com\/mufasa\/","name":"MUFASA - Inventia Kinetics","isPartOf":{"@id":"https:\/\/www.inventiakinetics.com\/#website"},"primaryImageOfPage":{"@id":"https:\/\/www.inventiakinetics.com\/mufasa\/#primaryimage"},"image":{"@id":"https:\/\/www.inventiakinetics.com\/mufasa\/#primaryimage"},"thumbnailUrl":"https:\/\/www.inventiakinetics.com\/wp-content\/uploads\/2025\/11\/logo_cdti_2023_soportes_digitales-300x53.png","datePublished":"2023-11-02T12:07:44+00:00","dateModified":"2025-11-03T11:01:09+00:00","description":"Inventia Kinetics participa en el proyecto MUFASA, impulsando tecnolog\u00edas de montaje automatizado para el fuselaje y empenaje de aeronaves.","breadcrumb":{"@id":"https:\/\/www.inventiakinetics.com\/mufasa\/#breadcrumb"},"inLanguage":"en-GB","potentialAction":[{"@type":"ReadAction","target":["https:\/\/www.inventiakinetics.com\/mufasa\/"]}]},{"@type":"ImageObject","inLanguage":"en-GB","@id":"https:\/\/www.inventiakinetics.com\/mufasa\/#primaryimage","url":"https:\/\/www.inventiakinetics.com\/wp-content\/uploads\/2025\/11\/logo_cdti_2023_soportes_digitales-300x53.png","contentUrl":"https:\/\/www.inventiakinetics.com\/wp-content\/uploads\/2025\/11\/logo_cdti_2023_soportes_digitales-300x53.png"},{"@type":"BreadcrumbList","@id":"https:\/\/www.inventiakinetics.com\/mufasa\/#breadcrumb","itemListElement":[{"@type":"ListItem","position":1,"name":"Portada","item":"https:\/\/www.inventiakinetics.com\/"},{"@type":"ListItem","position":2,"name":"MUFASA"}]},{"@type":"WebSite","@id":"https:\/\/www.inventiakinetics.com\/#website","url":"https:\/\/www.inventiakinetics.com\/","name":"Inventia Kinetics","description":"Proyectos de Alto Valor Tecnol\u00f3gico","publisher":{"@id":"https:\/\/www.inventiakinetics.com\/#organization"},"potentialAction":[{"@type":"SearchAction","target":{"@type":"EntryPoint","urlTemplate":"https:\/\/www.inventiakinetics.com\/?s={search_term_string}"},"query-input":{"@type":"PropertyValueSpecification","valueRequired":true,"valueName":"search_term_string"}}],"inLanguage":"en-GB"},{"@type":"Organization","@id":"https:\/\/www.inventiakinetics.com\/#organization","name":"Inventia Kinetics","url":"https:\/\/www.inventiakinetics.com\/","logo":{"@type":"ImageObject","inLanguage":"en-GB","@id":"https:\/\/www.inventiakinetics.com\/#\/schema\/logo\/image\/","url":"https:\/\/www.inventiakinetics.com\/wp-content\/uploads\/2016\/06\/logo-web2.png","contentUrl":"https:\/\/www.inventiakinetics.com\/wp-content\/uploads\/2016\/06\/logo-web2.png","width":680,"height":312,"caption":"Inventia Kinetics"},"image":{"@id":"https:\/\/www.inventiakinetics.com\/#\/schema\/logo\/image\/"}}]}},"_links":{"self":[{"href":"https:\/\/www.inventiakinetics.com\/en\/wp-json\/wp\/v2\/pages\/848","targetHints":{"allow":["GET"]}}],"collection":[{"href":"https:\/\/www.inventiakinetics.com\/en\/wp-json\/wp\/v2\/pages"}],"about":[{"href":"https:\/\/www.inventiakinetics.com\/en\/wp-json\/wp\/v2\/types\/page"}],"author":[{"embeddable":true,"href":"https:\/\/www.inventiakinetics.com\/en\/wp-json\/wp\/v2\/users\/2"}],"replies":[{"embeddable":true,"href":"https:\/\/www.inventiakinetics.com\/en\/wp-json\/wp\/v2\/comments?post=848"}],"version-history":[{"count":5,"href":"https:\/\/www.inventiakinetics.com\/en\/wp-json\/wp\/v2\/pages\/848\/revisions"}],"predecessor-version":[{"id":925,"href":"https:\/\/www.inventiakinetics.com\/en\/wp-json\/wp\/v2\/pages\/848\/revisions\/925"}],"wp:attachment":[{"href":"https:\/\/www.inventiakinetics.com\/en\/wp-json\/wp\/v2\/media?parent=848"}],"curies":[{"name":"wp","href":"https:\/\/api.w.org\/{rel}","templated":true}]}}