{"id":930,"date":"2025-11-11T08:35:07","date_gmt":"2025-11-11T08:35:07","guid":{"rendered":"https:\/\/www.inventiakinetics.com\/?page_id=930"},"modified":"2025-11-17T08:09:59","modified_gmt":"2025-11-17T08:09:59","slug":"canal-denuncias","status":"publish","type":"page","link":"https:\/\/www.inventiakinetics.com\/en\/canal-denuncias\/","title":{"rendered":"Canal de Denuncias"},"content":{"rendered":"<style type=\"text\/css\" data-created_by=\"avia_inline_auto\" id=\"style-css-av-mhoq9ozq-d61b8b455256582f89cf7b83fbe2d049\">\n.avia-section.av-mhoq9ozq-d61b8b455256582f89cf7b83fbe2d049{\nbackground-repeat:no-repeat;\nbackground-image:url(https:\/\/www.inventiakinetics.com\/wp-content\/uploads\/2025\/11\/Canal-Denuncias.png);\nbackground-position:50% 50%;\nbackground-attachment:scroll;\n}\n<\/style>\n<div id='av_section_1'  class='avia-section av-mhoq9ozq-d61b8b455256582f89cf7b83fbe2d049 main_color avia-section-default avia-no-border-styling  avia-builder-el-0  el_before_av_one_full  avia-builder-el-first  avia-bg-style-scroll container_wrap sidebar_right'  data-section-bg-repeat='no-repeat'><div class='container av-section-cont-open' ><main  role=\"main\" itemprop=\"mainContentOfPage\"  class='template-page content  av-content-small alpha units'><div class='post-entry post-entry-type-page post-entry-930'><div class='entry-content-wrapper clearfix'>\n\n<style type=\"text\/css\" data-created_by=\"avia_inline_auto\" id=\"style-css-av-mhoqa6ir-654c95a954e843234fe3fa2ef25be35f\">\n#top .av_textblock_section.av-mhoqa6ir-654c95a954e843234fe3fa2ef25be35f .avia_textblock{\ncolor:#ffffff;\n}\n<\/style>\n<section  class='av_textblock_section av-mhoqa6ir-654c95a954e843234fe3fa2ef25be35f'  itemscope=\"itemscope\" itemtype=\"https:\/\/schema.org\/CreativeWork\" ><div class='avia_textblock av_inherit_color'  itemprop=\"text\" ><h1>CANAL DE DENUNCIAS<\/h1>\n<\/div><\/section>\n<\/div><\/div><\/main><!-- close content main element --><\/div><\/div><div id='after_section_1'  class='main_color av_default_container_wrap container_wrap sidebar_right'  ><div class='container av-section-cont-open' ><div class='template-page content  av-content-small alpha units'><div class='post-entry post-entry-type-page post-entry-930'><div class='entry-content-wrapper clearfix'>\n<div class='flex_column av-ze2gi-f3ec794e9a14d258db1d7bdee9e39e77 av_one_full  avia-builder-el-2  el_after_av_section  el_before_av_one_half  avia-builder-el-first  first flex_column_div'   ><section  class='av_textblock_section av-mhoqljpv-6286b221c86f9cf752ec3fc7d72a242f'  itemscope=\"itemscope\" itemtype=\"https:\/\/schema.org\/CreativeWork\" ><div class='avia_textblock'  itemprop=\"text\" ><p>En <strong>Inventia Kinetics<\/strong>, comprometidos con la integridad, la transparencia y el cumplimiento normativo, ponemos a disposici\u00f3n de nuestros empleados, colaboradores y terceros un <strong>Canal de Denuncias<\/strong>.<\/p>\n<p>Este canal permite comunicar de forma <strong>confidencial y segura<\/strong>, cualquier posible irregularidad, conducta inapropiada o incumplimiento de la normativa legal o interna de la compa\u00f1\u00eda.<\/p>\n<p>Su objetivo es fomentar una cultura \u00e9tica dentro de la organizaci\u00f3n, garantizando un entorno de trabajo responsable y conforme a los principios y valores de Inventia Kinetics.<\/p>\n<\/div><\/section><\/div>\n<div class='flex_column av-qyc1m-c92a6a63aaee80556dd90d421a18cd5c av_one_half  avia-builder-el-4  el_after_av_one_full  el_before_av_one_half  first flex_column_div column-top-margin'   ><p><section  class='av_textblock_section av-m24oi-652e5cc770e2cc89f31e25e5d95154ff'  itemscope=\"itemscope\" itemtype=\"https:\/\/schema.org\/CreativeWork\" ><div class='avia_textblock'  itemprop=\"text\" ><p>Las comunicaciones recibidas a trav\u00e9s del Canal de Denuncias ser\u00e1n tratadas conforme a la legislaci\u00f3n vigente y a los principios de <strong>confidencialidad, protecci\u00f3n del informante, ausencia de represalias y derecho a defensa<\/strong>.<\/p>\n<p>Inventia Kinetics garantiza la correcta gesti\u00f3n de todas las denuncias presentadas, ya sea de forma an\u00f3nima o identificada, y asegura la adopci\u00f3n de las medidas oportunas para investigar y resolver los hechos comunicados.<\/p>\n<p>Para garantizar la m\u00e1xima objetividad, seguridad y confidencialidad, hemos confiado la gesti\u00f3n de nuestro Canal de Denuncias a <strong>Bizneo<\/strong>, especialistas en ofrecer soluciones seguras para la recepci\u00f3n y tramitaci\u00f3n de comunicaciones.<\/p>\n<\/div><\/section><br \/>\n<div  class='avia-button-wrap avia-button-center  avia-builder-el-6  el_after_av_textblock  avia-builder-el-last' >\n<style type=\"text\/css\" data-created_by=\"avia_inline_auto\" id=\"style-css-av-mhoqzcli-1c3dbab895b50239eafe657a22494574\">\n#top #wrap_all .avia-button.av-mhoqzcli-1c3dbab895b50239eafe657a22494574:hover{\ncolor:white;\ntransition:all 0.4s ease-in-out;\n-webkit-transition:all 0.4s ease-in-out;\n-moz-transition:all 0.4s ease-in-out;\n-ms-transition:all 0.4s ease-in-out;\n-o-transition:all 0.4s ease-in-out;\n}\n<\/style>\n<a href='https:\/\/ikn.bizneohr.com\/whistleblowing-channel' class='avia-button av-mhoqzcli-1c3dbab895b50239eafe657a22494574 avia-icon_select-yes-right-icon avia-size-small avia-position-center av-icon-on-hover avia-color-theme-color avia-font-color-theme-color' target=\"_blank\" rel=\"noopener noreferrer\"><span class='avia_iconbox_title' >Accede al canal aqu\u00ed<\/span><span class='avia_button_icon avia_button_icon_right' aria-hidden='true' data-av_icon='\ue879' data-av_iconfont='entypo-fontello'><\/span><span class='avia_button_background avia-button avia-color-theme-color-highlight' ><\/span><\/a><\/div><\/p><\/div><div class='flex_column av-gxp0q-f3feef188b739b7ae052af7f479b7731 av_one_half  avia-builder-el-7  el_after_av_one_half  el_before_av_hr  flex_column_div column-top-margin'   ><style type=\"text\/css\" data-created_by=\"avia_inline_auto\" id=\"style-css-av-bqavm-fffcd4629524f13dd4c06b1ebd6db776\">\n.avia-image-container.av-bqavm-fffcd4629524f13dd4c06b1ebd6db776 .av-image-caption-overlay-center{\ncolor:#ffffff;\n}\n<\/style>\n<div  class='avia-image-container av-bqavm-fffcd4629524f13dd4c06b1ebd6db776 av-styling-circle avia-align-center  avia-builder-el-8  avia-builder-el-no-sibling'  itemprop=\"image\" itemscope=\"itemscope\" itemtype=\"https:\/\/schema.org\/ImageObject\" ><div class=\"avia-image-container-inner\"><div class=\"avia-image-overlay-wrap\"><img decoding=\"async\" class='wp-image-957 avia-img-lazy-loading-not-957 avia_image' src=\"https:\/\/www.inventiakinetics.com\/wp-content\/uploads\/2025\/11\/Canal-Denuncias-2-577x423.png\" alt='' title='Canal Denuncias 2'  height=\"423\" width=\"577\"  itemprop=\"thumbnailUrl\"  \/><\/div><\/div><\/div><\/div><\/p>\n<div  class='hr av-98awq-05362ea85098e60e90e61fc07116d649 hr-default  avia-builder-el-9  el_after_av_one_half  el_before_av_image'><span class='hr-inner'><span class=\"hr-inner-style\"><\/span><\/span><\/div>\n\n<style type=\"text\/css\" data-created_by=\"avia_inline_auto\" id=\"style-css-av-mhourn56-b2fdd8e9b24efc3390236837cb18762f\">\n.avia-image-container.av-mhourn56-b2fdd8e9b24efc3390236837cb18762f .av-image-caption-overlay-center{\ncolor:#ffffff;\n}\n<\/style>\n<div  class='avia-image-container av-mhourn56-b2fdd8e9b24efc3390236837cb18762f av-styling- avia-align-center  avia-builder-el-10  el_after_av_hr  avia-builder-el-last'  itemprop=\"image\" itemscope=\"itemscope\" itemtype=\"https:\/\/schema.org\/ImageObject\" ><div class=\"avia-image-container-inner\"><div class=\"avia-image-overlay-wrap\"><img decoding=\"async\" class='wp-image-885 avia-img-lazy-loading-not-885 avia_image' src=\"https:\/\/www.inventiakinetics.com\/wp-content\/uploads\/2025\/01\/LOGOS-WEB-KIT-DIGITAL-1500x140.jpg\" alt='' title='LOGOS WEB KIT DIGITAL'  height=\"140\" width=\"1500\"  itemprop=\"thumbnailUrl\" srcset=\"https:\/\/www.inventiakinetics.com\/wp-content\/uploads\/2025\/01\/LOGOS-WEB-KIT-DIGITAL-1500x140.jpg 1500w, https:\/\/www.inventiakinetics.com\/wp-content\/uploads\/2025\/01\/LOGOS-WEB-KIT-DIGITAL-300x28.jpg 300w, https:\/\/www.inventiakinetics.com\/wp-content\/uploads\/2025\/01\/LOGOS-WEB-KIT-DIGITAL-1024x95.jpg 1024w, https:\/\/www.inventiakinetics.com\/wp-content\/uploads\/2025\/01\/LOGOS-WEB-KIT-DIGITAL-1536x143.jpg 1536w, https:\/\/www.inventiakinetics.com\/wp-content\/uploads\/2025\/01\/LOGOS-WEB-KIT-DIGITAL-2048x191.jpg 2048w, https:\/\/www.inventiakinetics.com\/wp-content\/uploads\/2025\/01\/LOGOS-WEB-KIT-DIGITAL-705x66.jpg 705w\" sizes=\"(max-width: 1500px) 100vw, 1500px\" \/><\/div><\/div><\/div>","protected":false},"excerpt":{"rendered":"","protected":false},"author":4,"featured_media":0,"parent":0,"menu_order":0,"comment_status":"closed","ping_status":"closed","template":"","meta":{"footnotes":""},"class_list":["post-930","page","type-page","status-publish","hentry"],"yoast_head":"<!-- This site is optimized with the Yoast SEO plugin v27.0 - https:\/\/yoast.com\/product\/yoast-seo-wordpress\/ -->\n<title>Canal de Denuncias - Inventia Kinetics<\/title>\n<meta name=\"robots\" content=\"index, follow, max-snippet:-1, max-image-preview:large, max-video-preview:-1\" \/>\n<link rel=\"canonical\" href=\"https:\/\/www.inventiakinetics.com\/en\/canal-denuncias\/\" \/>\n<meta property=\"og:locale\" content=\"en_GB\" \/>\n<meta property=\"og:type\" content=\"article\" \/>\n<meta property=\"og:title\" content=\"Canal de Denuncias - Inventia Kinetics\" \/>\n<meta property=\"og:url\" content=\"https:\/\/www.inventiakinetics.com\/en\/canal-denuncias\/\" \/>\n<meta property=\"og:site_name\" content=\"Inventia Kinetics\" \/>\n<meta property=\"article:modified_time\" content=\"2025-11-17T08:09:59+00:00\" \/>\n<meta name=\"twitter:card\" content=\"summary_large_image\" \/>\n<meta name=\"twitter:label1\" content=\"Estimated reading time\" \/>\n\t<meta name=\"twitter:data1\" content=\"3 minutes\" \/>\n<script type=\"application\/ld+json\" class=\"yoast-schema-graph\">{\"@context\":\"https:\/\/schema.org\",\"@graph\":[{\"@type\":\"WebPage\",\"@id\":\"https:\/\/www.inventiakinetics.com\/canal-denuncias\/\",\"url\":\"https:\/\/www.inventiakinetics.com\/canal-denuncias\/\",\"name\":\"Canal de Denuncias - Inventia Kinetics\",\"isPartOf\":{\"@id\":\"https:\/\/www.inventiakinetics.com\/#website\"},\"datePublished\":\"2025-11-11T08:35:07+00:00\",\"dateModified\":\"2025-11-17T08:09:59+00:00\",\"breadcrumb\":{\"@id\":\"https:\/\/www.inventiakinetics.com\/canal-denuncias\/#breadcrumb\"},\"inLanguage\":\"en-GB\",\"potentialAction\":[{\"@type\":\"ReadAction\",\"target\":[\"https:\/\/www.inventiakinetics.com\/canal-denuncias\/\"]}]},{\"@type\":\"BreadcrumbList\",\"@id\":\"https:\/\/www.inventiakinetics.com\/canal-denuncias\/#breadcrumb\",\"itemListElement\":[{\"@type\":\"ListItem\",\"position\":1,\"name\":\"Portada\",\"item\":\"https:\/\/www.inventiakinetics.com\/\"},{\"@type\":\"ListItem\",\"position\":2,\"name\":\"Canal de Denuncias\"}]},{\"@type\":\"WebSite\",\"@id\":\"https:\/\/www.inventiakinetics.com\/#website\",\"url\":\"https:\/\/www.inventiakinetics.com\/\",\"name\":\"Inventia Kinetics\",\"description\":\"Proyectos de Alto Valor Tecnol\u00f3gico\",\"publisher\":{\"@id\":\"https:\/\/www.inventiakinetics.com\/#organization\"},\"potentialAction\":[{\"@type\":\"SearchAction\",\"target\":{\"@type\":\"EntryPoint\",\"urlTemplate\":\"https:\/\/www.inventiakinetics.com\/?s={search_term_string}\"},\"query-input\":{\"@type\":\"PropertyValueSpecification\",\"valueRequired\":true,\"valueName\":\"search_term_string\"}}],\"inLanguage\":\"en-GB\"},{\"@type\":\"Organization\",\"@id\":\"https:\/\/www.inventiakinetics.com\/#organization\",\"name\":\"Inventia Kinetics\",\"url\":\"https:\/\/www.inventiakinetics.com\/\",\"logo\":{\"@type\":\"ImageObject\",\"inLanguage\":\"en-GB\",\"@id\":\"https:\/\/www.inventiakinetics.com\/#\/schema\/logo\/image\/\",\"url\":\"https:\/\/www.inventiakinetics.com\/wp-content\/uploads\/2016\/06\/logo-web2.png\",\"contentUrl\":\"https:\/\/www.inventiakinetics.com\/wp-content\/uploads\/2016\/06\/logo-web2.png\",\"width\":680,\"height\":312,\"caption\":\"Inventia Kinetics\"},\"image\":{\"@id\":\"https:\/\/www.inventiakinetics.com\/#\/schema\/logo\/image\/\"}}]}<\/script>\n<!-- \/ Yoast SEO plugin. -->","yoast_head_json":{"title":"Canal de Denuncias - Inventia Kinetics","robots":{"index":"index","follow":"follow","max-snippet":"max-snippet:-1","max-image-preview":"max-image-preview:large","max-video-preview":"max-video-preview:-1"},"canonical":"https:\/\/www.inventiakinetics.com\/en\/canal-denuncias\/","og_locale":"en_GB","og_type":"article","og_title":"Canal de Denuncias - Inventia Kinetics","og_url":"https:\/\/www.inventiakinetics.com\/en\/canal-denuncias\/","og_site_name":"Inventia Kinetics","article_modified_time":"2025-11-17T08:09:59+00:00","twitter_card":"summary_large_image","twitter_misc":{"Estimated reading time":"3 minutes"},"schema":{"@context":"https:\/\/schema.org","@graph":[{"@type":"WebPage","@id":"https:\/\/www.inventiakinetics.com\/canal-denuncias\/","url":"https:\/\/www.inventiakinetics.com\/canal-denuncias\/","name":"Canal de Denuncias - Inventia Kinetics","isPartOf":{"@id":"https:\/\/www.inventiakinetics.com\/#website"},"datePublished":"2025-11-11T08:35:07+00:00","dateModified":"2025-11-17T08:09:59+00:00","breadcrumb":{"@id":"https:\/\/www.inventiakinetics.com\/canal-denuncias\/#breadcrumb"},"inLanguage":"en-GB","potentialAction":[{"@type":"ReadAction","target":["https:\/\/www.inventiakinetics.com\/canal-denuncias\/"]}]},{"@type":"BreadcrumbList","@id":"https:\/\/www.inventiakinetics.com\/canal-denuncias\/#breadcrumb","itemListElement":[{"@type":"ListItem","position":1,"name":"Portada","item":"https:\/\/www.inventiakinetics.com\/"},{"@type":"ListItem","position":2,"name":"Canal de Denuncias"}]},{"@type":"WebSite","@id":"https:\/\/www.inventiakinetics.com\/#website","url":"https:\/\/www.inventiakinetics.com\/","name":"Inventia Kinetics","description":"Proyectos de Alto Valor Tecnol\u00f3gico","publisher":{"@id":"https:\/\/www.inventiakinetics.com\/#organization"},"potentialAction":[{"@type":"SearchAction","target":{"@type":"EntryPoint","urlTemplate":"https:\/\/www.inventiakinetics.com\/?s={search_term_string}"},"query-input":{"@type":"PropertyValueSpecification","valueRequired":true,"valueName":"search_term_string"}}],"inLanguage":"en-GB"},{"@type":"Organization","@id":"https:\/\/www.inventiakinetics.com\/#organization","name":"Inventia Kinetics","url":"https:\/\/www.inventiakinetics.com\/","logo":{"@type":"ImageObject","inLanguage":"en-GB","@id":"https:\/\/www.inventiakinetics.com\/#\/schema\/logo\/image\/","url":"https:\/\/www.inventiakinetics.com\/wp-content\/uploads\/2016\/06\/logo-web2.png","contentUrl":"https:\/\/www.inventiakinetics.com\/wp-content\/uploads\/2016\/06\/logo-web2.png","width":680,"height":312,"caption":"Inventia Kinetics"},"image":{"@id":"https:\/\/www.inventiakinetics.com\/#\/schema\/logo\/image\/"}}]}},"_links":{"self":[{"href":"https:\/\/www.inventiakinetics.com\/en\/wp-json\/wp\/v2\/pages\/930","targetHints":{"allow":["GET"]}}],"collection":[{"href":"https:\/\/www.inventiakinetics.com\/en\/wp-json\/wp\/v2\/pages"}],"about":[{"href":"https:\/\/www.inventiakinetics.com\/en\/wp-json\/wp\/v2\/types\/page"}],"author":[{"embeddable":true,"href":"https:\/\/www.inventiakinetics.com\/en\/wp-json\/wp\/v2\/users\/4"}],"replies":[{"embeddable":true,"href":"https:\/\/www.inventiakinetics.com\/en\/wp-json\/wp\/v2\/comments?post=930"}],"version-history":[{"count":25,"href":"https:\/\/www.inventiakinetics.com\/en\/wp-json\/wp\/v2\/pages\/930\/revisions"}],"predecessor-version":[{"id":986,"href":"https:\/\/www.inventiakinetics.com\/en\/wp-json\/wp\/v2\/pages\/930\/revisions\/986"}],"wp:attachment":[{"href":"https:\/\/www.inventiakinetics.com\/en\/wp-json\/wp\/v2\/media?parent=930"}],"curies":[{"name":"wp","href":"https:\/\/api.w.org\/{rel}","templated":true}]}}