{"id":981,"date":"2026-02-25T07:33:43","date_gmt":"2026-02-25T07:33:43","guid":{"rendered":"https:\/\/www.inventiakinetics.com\/?page_id=981"},"modified":"2026-02-25T08:28:22","modified_gmt":"2026-02-25T08:28:22","slug":"fussion","status":"publish","type":"page","link":"https:\/\/www.inventiakinetics.com\/en\/fussion\/","title":{"rendered":"FUSSION"},"content":{"rendered":"<section  class='av_textblock_section av-mm1qlg67-b5d4a0ca97c50eb2ea0384103b466455'  itemscope=\"itemscope\" itemtype=\"https:\/\/schema.org\/CreativeWork\" ><div class='avia_textblock'  itemprop=\"text\" ><p><strong>INVENTIA KINETICS<\/strong> lidera el proyecto <strong>FUSSION<\/strong>, cuyo objetivo general\u00a0es contribuir a la descarbonizaci\u00f3n del sector del transporte a\u00e9reo mediante innovaciones tecnol\u00f3gicas y operativas aplicadas a las futuras aeronaves de pasillo \u00fanico de corto y medio alcance, que permitan alcanzar una mayor eficiencia ambiental, reduciendo el consumo de combustible y las emisiones de CO2 en el sector de la aviaci\u00f3n.<\/p>\n<p>Para ello, el proyecto <strong>FUSSION<\/strong> desarrolla un novedoso concepto de aeroestructura optimizada mec\u00e1nicamente que reduce las masas y, por tanto, los consumos energ\u00e9ticos haciendo la aeronave m\u00e1s eficiente y sostenible. Esta aeroestructura ser\u00e1 empleada en el montaje en serie del fuselaje central y trasero de aeronaves m\u00e1s eficientes de corto\/medio alcance de pr\u00f3xima generaci\u00f3n.<\/p>\n<p>Se trata de una investigaci\u00f3n colaborativa entre la aviaci\u00f3n comercial y militar que busca definir el alcance del ensamblaje final del fuselaje identificando y evaluando los problemas y limitaciones, para permitir el desarrollo de t\u00e9cnicas de apoyo al un\u00edsono con las mejores pr\u00e1cticas de ingenier\u00eda dentro de un sistema de fabricaci\u00f3n robusto, reconfigurable y sostenible. De esta forma innovadora se responde a los requerimientos de distintos mercados con un mismo concepto bajo desarrollos similares.<\/p>\n<p><span data-teams=\"true\">Este proyecto ha sido subvencionado por el CDTI, con el apoyo del Ministerio de Ciencia, Innovaci\u00f3n y Universidades, con n\u00famero de expediente MIG-20241004 a trav\u00e9s de la convocatoria para el a\u00f1o 2024 del procedimiento de concesi\u00f3n de ayudas destinadas al \u201cPrograma de Misiones de Ciencia e Innovaci\u00f3n\u201d, del Programa de Transferencia y Colaboraci\u00f3n del Plan Estatal de Investigaci\u00f3n Cient\u00edfica y de Innovaci\u00f3n 2024-2027, en el marco del Plan de Recuperaci\u00f3n, Transformaci\u00f3n y Resiliencia.<\/span><\/p>\n<p><img loading=\"lazy\" decoding=\"async\" class=\"alignnone wp-image-823\" src=\"https:\/\/www.inventiakinetics.com\/wp-content\/uploads\/2023\/08\/Logo-PRTR-dos-li\u0301neas_COLOR_-300x69.jpg\" alt=\"\" width=\"326\" height=\"75\" srcset=\"https:\/\/www.inventiakinetics.com\/wp-content\/uploads\/2023\/08\/Logo-PRTR-dos-li\u0301neas_COLOR_-300x69.jpg 300w, https:\/\/www.inventiakinetics.com\/wp-content\/uploads\/2023\/08\/Logo-PRTR-dos-li\u0301neas_COLOR_-1024x236.jpg 1024w, https:\/\/www.inventiakinetics.com\/wp-content\/uploads\/2023\/08\/Logo-PRTR-dos-li\u0301neas_COLOR_-1536x353.jpg 1536w, https:\/\/www.inventiakinetics.com\/wp-content\/uploads\/2023\/08\/Logo-PRTR-dos-li\u0301neas_COLOR_-1500x345.jpg 1500w, https:\/\/www.inventiakinetics.com\/wp-content\/uploads\/2023\/08\/Logo-PRTR-dos-li\u0301neas_COLOR_-705x162.jpg 705w, https:\/\/www.inventiakinetics.com\/wp-content\/uploads\/2023\/08\/Logo-PRTR-dos-li\u0301neas_COLOR_.jpg 1873w\" sizes=\"auto, (max-width: 326px) 100vw, 326px\" \/><img loading=\"lazy\" decoding=\"async\" class=\"alignnone wp-image-921\" src=\"https:\/\/www.inventiakinetics.com\/wp-content\/uploads\/2025\/11\/logo_cdti_2023_soportes_digitales-300x53.png\" alt=\"\" width=\"357\" height=\"63\" srcset=\"https:\/\/www.inventiakinetics.com\/wp-content\/uploads\/2025\/11\/logo_cdti_2023_soportes_digitales-300x53.png 300w, https:\/\/www.inventiakinetics.com\/wp-content\/uploads\/2025\/11\/logo_cdti_2023_soportes_digitales-1024x180.png 1024w, https:\/\/www.inventiakinetics.com\/wp-content\/uploads\/2025\/11\/logo_cdti_2023_soportes_digitales-1536x270.png 1536w, https:\/\/www.inventiakinetics.com\/wp-content\/uploads\/2025\/11\/logo_cdti_2023_soportes_digitales-2048x360.png 2048w, https:\/\/www.inventiakinetics.com\/wp-content\/uploads\/2025\/11\/logo_cdti_2023_soportes_digitales-1500x264.png 1500w, https:\/\/www.inventiakinetics.com\/wp-content\/uploads\/2025\/11\/logo_cdti_2023_soportes_digitales-705x124.png 705w\" sizes=\"auto, (max-width: 357px) 100vw, 357px\" \/> <img loading=\"lazy\" decoding=\"async\" class=\"size-medium wp-image-633 alignnone\" src=\"http:\/\/www.inventiakinetics.com\/wp-content\/uploads\/2022\/03\/NextGeneration_1-300x73.png\" alt=\"\" width=\"300\" height=\"73\" srcset=\"https:\/\/www.inventiakinetics.com\/wp-content\/uploads\/2022\/03\/NextGeneration_1-300x73.png 300w, https:\/\/www.inventiakinetics.com\/wp-content\/uploads\/2022\/03\/NextGeneration_1-450x110.png 450w, https:\/\/www.inventiakinetics.com\/wp-content\/uploads\/2022\/03\/NextGeneration_1.png 546w\" sizes=\"auto, (max-width: 300px) 100vw, 300px\" \/><\/p>\n<\/div><\/section>","protected":false},"excerpt":{"rendered":"","protected":false},"author":2,"featured_media":0,"parent":0,"menu_order":0,"comment_status":"closed","ping_status":"closed","template":"","meta":{"footnotes":""},"class_list":["post-981","page","type-page","status-publish","hentry"],"yoast_head":"<!-- This site is optimized with the Yoast SEO plugin v27.0 - https:\/\/yoast.com\/product\/yoast-seo-wordpress\/ -->\n<title>FUSSION - Inventia Kinetics<\/title>\n<meta name=\"description\" content=\"Inventia Kinetics participa en el proyecto OPTIMUS, desarrollando tecnolog\u00edas industriales automatizadas y sostenibles.\" \/>\n<meta name=\"robots\" content=\"index, follow, max-snippet:-1, max-image-preview:large, max-video-preview:-1\" \/>\n<link rel=\"canonical\" href=\"https:\/\/www.inventiakinetics.com\/en\/fussion\/\" \/>\n<meta property=\"og:locale\" content=\"en_GB\" \/>\n<meta property=\"og:type\" content=\"article\" \/>\n<meta property=\"og:title\" content=\"FUSSION - Inventia Kinetics\" \/>\n<meta property=\"og:description\" content=\"Inventia Kinetics participa en el proyecto OPTIMUS, desarrollando tecnolog\u00edas industriales automatizadas y sostenibles.\" \/>\n<meta property=\"og:url\" content=\"https:\/\/www.inventiakinetics.com\/en\/fussion\/\" \/>\n<meta property=\"og:site_name\" content=\"Inventia Kinetics\" \/>\n<meta property=\"article:modified_time\" content=\"2026-02-25T08:28:22+00:00\" \/>\n<meta property=\"og:image\" content=\"https:\/\/www.inventiakinetics.com\/wp-content\/uploads\/2025\/11\/logo_cdti_2023_soportes_digitales-300x53.png\" \/>\n<meta name=\"twitter:card\" content=\"summary_large_image\" \/>\n<meta name=\"twitter:label1\" content=\"Estimated reading time\" \/>\n\t<meta name=\"twitter:data1\" content=\"2 minutes\" \/>\n<script type=\"application\/ld+json\" class=\"yoast-schema-graph\">{\"@context\":\"https:\/\/schema.org\",\"@graph\":[{\"@type\":\"WebPage\",\"@id\":\"https:\/\/www.inventiakinetics.com\/fussion\/\",\"url\":\"https:\/\/www.inventiakinetics.com\/fussion\/\",\"name\":\"FUSSION - Inventia Kinetics\",\"isPartOf\":{\"@id\":\"https:\/\/www.inventiakinetics.com\/#website\"},\"primaryImageOfPage\":{\"@id\":\"https:\/\/www.inventiakinetics.com\/fussion\/#primaryimage\"},\"image\":{\"@id\":\"https:\/\/www.inventiakinetics.com\/fussion\/#primaryimage\"},\"thumbnailUrl\":\"https:\/\/www.inventiakinetics.com\/wp-content\/uploads\/2025\/11\/logo_cdti_2023_soportes_digitales-300x53.png\",\"datePublished\":\"2026-02-25T07:33:43+00:00\",\"dateModified\":\"2026-02-25T08:28:22+00:00\",\"description\":\"Inventia Kinetics participa en el proyecto OPTIMUS, desarrollando tecnolog\u00edas industriales automatizadas y sostenibles.\",\"breadcrumb\":{\"@id\":\"https:\/\/www.inventiakinetics.com\/fussion\/#breadcrumb\"},\"inLanguage\":\"en-GB\",\"potentialAction\":[{\"@type\":\"ReadAction\",\"target\":[\"https:\/\/www.inventiakinetics.com\/fussion\/\"]}]},{\"@type\":\"ImageObject\",\"inLanguage\":\"en-GB\",\"@id\":\"https:\/\/www.inventiakinetics.com\/fussion\/#primaryimage\",\"url\":\"https:\/\/www.inventiakinetics.com\/wp-content\/uploads\/2025\/11\/logo_cdti_2023_soportes_digitales-300x53.png\",\"contentUrl\":\"https:\/\/www.inventiakinetics.com\/wp-content\/uploads\/2025\/11\/logo_cdti_2023_soportes_digitales-300x53.png\"},{\"@type\":\"BreadcrumbList\",\"@id\":\"https:\/\/www.inventiakinetics.com\/fussion\/#breadcrumb\",\"itemListElement\":[{\"@type\":\"ListItem\",\"position\":1,\"name\":\"Portada\",\"item\":\"https:\/\/www.inventiakinetics.com\/\"},{\"@type\":\"ListItem\",\"position\":2,\"name\":\"FUSSION\"}]},{\"@type\":\"WebSite\",\"@id\":\"https:\/\/www.inventiakinetics.com\/#website\",\"url\":\"https:\/\/www.inventiakinetics.com\/\",\"name\":\"Inventia Kinetics\",\"description\":\"Proyectos de Alto Valor Tecnol\u00f3gico\",\"publisher\":{\"@id\":\"https:\/\/www.inventiakinetics.com\/#organization\"},\"potentialAction\":[{\"@type\":\"SearchAction\",\"target\":{\"@type\":\"EntryPoint\",\"urlTemplate\":\"https:\/\/www.inventiakinetics.com\/?s={search_term_string}\"},\"query-input\":{\"@type\":\"PropertyValueSpecification\",\"valueRequired\":true,\"valueName\":\"search_term_string\"}}],\"inLanguage\":\"en-GB\"},{\"@type\":\"Organization\",\"@id\":\"https:\/\/www.inventiakinetics.com\/#organization\",\"name\":\"Inventia Kinetics\",\"url\":\"https:\/\/www.inventiakinetics.com\/\",\"logo\":{\"@type\":\"ImageObject\",\"inLanguage\":\"en-GB\",\"@id\":\"https:\/\/www.inventiakinetics.com\/#\/schema\/logo\/image\/\",\"url\":\"https:\/\/www.inventiakinetics.com\/wp-content\/uploads\/2016\/06\/logo-web2.png\",\"contentUrl\":\"https:\/\/www.inventiakinetics.com\/wp-content\/uploads\/2016\/06\/logo-web2.png\",\"width\":680,\"height\":312,\"caption\":\"Inventia Kinetics\"},\"image\":{\"@id\":\"https:\/\/www.inventiakinetics.com\/#\/schema\/logo\/image\/\"}}]}<\/script>\n<!-- \/ Yoast SEO plugin. -->","yoast_head_json":{"title":"FUSSION - Inventia Kinetics","description":"Inventia Kinetics participa en el proyecto OPTIMUS, desarrollando tecnolog\u00edas industriales automatizadas y sostenibles.","robots":{"index":"index","follow":"follow","max-snippet":"max-snippet:-1","max-image-preview":"max-image-preview:large","max-video-preview":"max-video-preview:-1"},"canonical":"https:\/\/www.inventiakinetics.com\/en\/fussion\/","og_locale":"en_GB","og_type":"article","og_title":"FUSSION - Inventia Kinetics","og_description":"Inventia Kinetics participa en el proyecto OPTIMUS, desarrollando tecnolog\u00edas industriales automatizadas y sostenibles.","og_url":"https:\/\/www.inventiakinetics.com\/en\/fussion\/","og_site_name":"Inventia Kinetics","article_modified_time":"2026-02-25T08:28:22+00:00","og_image":[{"url":"https:\/\/www.inventiakinetics.com\/wp-content\/uploads\/2025\/11\/logo_cdti_2023_soportes_digitales-300x53.png","type":"","width":"","height":""}],"twitter_card":"summary_large_image","twitter_misc":{"Estimated reading time":"2 minutes"},"schema":{"@context":"https:\/\/schema.org","@graph":[{"@type":"WebPage","@id":"https:\/\/www.inventiakinetics.com\/fussion\/","url":"https:\/\/www.inventiakinetics.com\/fussion\/","name":"FUSSION - Inventia Kinetics","isPartOf":{"@id":"https:\/\/www.inventiakinetics.com\/#website"},"primaryImageOfPage":{"@id":"https:\/\/www.inventiakinetics.com\/fussion\/#primaryimage"},"image":{"@id":"https:\/\/www.inventiakinetics.com\/fussion\/#primaryimage"},"thumbnailUrl":"https:\/\/www.inventiakinetics.com\/wp-content\/uploads\/2025\/11\/logo_cdti_2023_soportes_digitales-300x53.png","datePublished":"2026-02-25T07:33:43+00:00","dateModified":"2026-02-25T08:28:22+00:00","description":"Inventia Kinetics participa en el proyecto OPTIMUS, desarrollando tecnolog\u00edas industriales automatizadas y sostenibles.","breadcrumb":{"@id":"https:\/\/www.inventiakinetics.com\/fussion\/#breadcrumb"},"inLanguage":"en-GB","potentialAction":[{"@type":"ReadAction","target":["https:\/\/www.inventiakinetics.com\/fussion\/"]}]},{"@type":"ImageObject","inLanguage":"en-GB","@id":"https:\/\/www.inventiakinetics.com\/fussion\/#primaryimage","url":"https:\/\/www.inventiakinetics.com\/wp-content\/uploads\/2025\/11\/logo_cdti_2023_soportes_digitales-300x53.png","contentUrl":"https:\/\/www.inventiakinetics.com\/wp-content\/uploads\/2025\/11\/logo_cdti_2023_soportes_digitales-300x53.png"},{"@type":"BreadcrumbList","@id":"https:\/\/www.inventiakinetics.com\/fussion\/#breadcrumb","itemListElement":[{"@type":"ListItem","position":1,"name":"Portada","item":"https:\/\/www.inventiakinetics.com\/"},{"@type":"ListItem","position":2,"name":"FUSSION"}]},{"@type":"WebSite","@id":"https:\/\/www.inventiakinetics.com\/#website","url":"https:\/\/www.inventiakinetics.com\/","name":"Inventia Kinetics","description":"Proyectos de Alto Valor Tecnol\u00f3gico","publisher":{"@id":"https:\/\/www.inventiakinetics.com\/#organization"},"potentialAction":[{"@type":"SearchAction","target":{"@type":"EntryPoint","urlTemplate":"https:\/\/www.inventiakinetics.com\/?s={search_term_string}"},"query-input":{"@type":"PropertyValueSpecification","valueRequired":true,"valueName":"search_term_string"}}],"inLanguage":"en-GB"},{"@type":"Organization","@id":"https:\/\/www.inventiakinetics.com\/#organization","name":"Inventia Kinetics","url":"https:\/\/www.inventiakinetics.com\/","logo":{"@type":"ImageObject","inLanguage":"en-GB","@id":"https:\/\/www.inventiakinetics.com\/#\/schema\/logo\/image\/","url":"https:\/\/www.inventiakinetics.com\/wp-content\/uploads\/2016\/06\/logo-web2.png","contentUrl":"https:\/\/www.inventiakinetics.com\/wp-content\/uploads\/2016\/06\/logo-web2.png","width":680,"height":312,"caption":"Inventia Kinetics"},"image":{"@id":"https:\/\/www.inventiakinetics.com\/#\/schema\/logo\/image\/"}}]}},"_links":{"self":[{"href":"https:\/\/www.inventiakinetics.com\/en\/wp-json\/wp\/v2\/pages\/981","targetHints":{"allow":["GET"]}}],"collection":[{"href":"https:\/\/www.inventiakinetics.com\/en\/wp-json\/wp\/v2\/pages"}],"about":[{"href":"https:\/\/www.inventiakinetics.com\/en\/wp-json\/wp\/v2\/types\/page"}],"author":[{"embeddable":true,"href":"https:\/\/www.inventiakinetics.com\/en\/wp-json\/wp\/v2\/users\/2"}],"replies":[{"embeddable":true,"href":"https:\/\/www.inventiakinetics.com\/en\/wp-json\/wp\/v2\/comments?post=981"}],"version-history":[{"count":7,"href":"https:\/\/www.inventiakinetics.com\/en\/wp-json\/wp\/v2\/pages\/981\/revisions"}],"predecessor-version":[{"id":1005,"href":"https:\/\/www.inventiakinetics.com\/en\/wp-json\/wp\/v2\/pages\/981\/revisions\/1005"}],"wp:attachment":[{"href":"https:\/\/www.inventiakinetics.com\/en\/wp-json\/wp\/v2\/media?parent=981"}],"curies":[{"name":"wp","href":"https:\/\/api.w.org\/{rel}","templated":true}]}}